{"id":4408,"date":"2026-01-03T00:37:57","date_gmt":"2026-01-03T07:37:57","guid":{"rendered":"https:\/\/electricadelcobre.com\/?page_id=4408"},"modified":"2026-01-03T00:48:06","modified_gmt":"2026-01-03T07:48:06","slug":"automatizacion-y-control-01","status":"publish","type":"page","link":"https:\/\/electricadelcobre.com\/index.php\/automatizacion-y-control-01\/","title":{"rendered":"AUTOMATIZACI\u00d3N Y CONTROL 01"},"content":{"rendered":"\t\t<div data-elementor-type=\"wp-page\" data-elementor-id=\"4408\" class=\"elementor elementor-4408\" data-elementor-post-type=\"page\">\n\t\t\t\t<div class=\"elementor-element elementor-element-e7ca79c e-flex e-con-boxed e-con e-parent\" data-id=\"e7ca79c\" data-element_type=\"container\" data-e-type=\"container\" data-settings=\"{&quot;background_background&quot;:&quot;classic&quot;}\">\n\t\t\t\t\t<div class=\"e-con-inner\">\n\t\t<div class=\"elementor-element elementor-element-c4c2729 e-con-full e-flex e-con e-child\" data-id=\"c4c2729\" data-element_type=\"container\" data-e-type=\"container\">\n\t\t\t\t<div class=\"elementor-element elementor-element-c6bc53c elementor-widget elementor-widget-heading\" data-id=\"c6bc53c\" data-element_type=\"widget\" data-e-type=\"widget\" data-widget_type=\"heading.default\">\n\t\t\t\t<div class=\"elementor-widget-container\">\n\t\t\t\t\t<h2 class=\"elementor-heading-title elementor-size-default\">SERVICIOS<\/h2>\t\t\t\t<\/div>\n\t\t\t\t<\/div>\n\t\t\t\t<div class=\"elementor-element elementor-element-82261d0 elementor-widget elementor-widget-heading\" data-id=\"82261d0\" data-element_type=\"widget\" data-e-type=\"widget\" data-widget_type=\"heading.default\">\n\t\t\t\t<div class=\"elementor-widget-container\">\n\t\t\t\t\t<h2 class=\"elementor-heading-title elementor-size-default\">AUTOMATIZACI\u00d3N Y CONTROL<\/h2>\t\t\t\t<\/div>\n\t\t\t\t<\/div>\n\t\t\t\t<\/div>\n\t\t\t\t\t<\/div>\n\t\t\t\t<\/div>\n\t\t<div class=\"elementor-element elementor-element-d49893e e-con-full e-flex e-con e-parent\" data-id=\"d49893e\" data-element_type=\"container\" data-e-type=\"container\">\n\t\t<div class=\"elementor-element elementor-element-cfc896b e-flex e-con-boxed e-con e-child\" data-id=\"cfc896b\" data-element_type=\"container\" data-e-type=\"container\">\n\t\t\t\t\t<div class=\"e-con-inner\">\n\t\t<div class=\"elementor-element elementor-element-3097c25 e-con-full e-flex e-con e-child\" data-id=\"3097c25\" data-element_type=\"container\" data-e-type=\"container\">\n\t\t\t\t<div class=\"elementor-element elementor-element-e202e83 elementor-invisible elementor-widget elementor-widget-heading\" data-id=\"e202e83\" data-element_type=\"widget\" data-e-type=\"widget\" data-settings=\"{&quot;_animation&quot;:&quot;fadeIn&quot;}\" data-widget_type=\"heading.default\">\n\t\t\t\t<div class=\"elementor-widget-container\">\n\t\t\t\t\t<h2 class=\"elementor-heading-title elementor-size-default\">Automatizaci\u00f3n y Control en Hermosillo, Sonora<\/h2>\t\t\t\t<\/div>\n\t\t\t\t<\/div>\n\t\t\t\t<div class=\"elementor-element elementor-element-ce49503 elementor-widget elementor-widget-heading\" data-id=\"ce49503\" data-element_type=\"widget\" data-e-type=\"widget\" data-widget_type=\"heading.default\">\n\t\t\t\t<div class=\"elementor-widget-container\">\n\t\t\t\t\t<h2 class=\"elementor-heading-title elementor-size-default\">Soluciones inteligentes para control de energ\u00eda y procesos el\u00e9ctricos<\/h2>\t\t\t\t<\/div>\n\t\t\t\t<\/div>\n\t\t\t\t<div class=\"elementor-element elementor-element-a365111 elementor-widget elementor-widget-heading\" data-id=\"a365111\" data-element_type=\"widget\" data-e-type=\"widget\" data-widget_type=\"heading.default\">\n\t\t\t\t<div class=\"elementor-widget-container\">\n\t\t\t\t\t<h2 class=\"elementor-heading-title elementor-size-default\">En Ingenier\u00eda El\u00e9ctrica del Cobre, desarrollamos soluciones avanzadas de automatizaci\u00f3n y control para mejorar la eficiencia, confiabilidad y monitoreo de tus sistemas el\u00e9ctricos. <\/h2>\t\t\t\t<\/div>\n\t\t\t\t<\/div>\n\t\t\t\t<\/div>\n\t\t<div class=\"elementor-element elementor-element-866b1fd e-con-full e-flex e-con e-child\" data-id=\"866b1fd\" data-element_type=\"container\" data-e-type=\"container\">\n\t\t<div class=\"elementor-element elementor-element-85e7f34 e-con-full e-flex e-con e-child\" data-id=\"85e7f34\" data-element_type=\"container\" data-e-type=\"container\">\n\t\t\t\t<div class=\"elementor-element elementor-element-35ff486 elementor-widget elementor-widget-tp-button\" data-id=\"35ff486\" data-element_type=\"widget\" data-e-type=\"widget\" data-widget_type=\"tp-button.default\">\n\t\t\t\t<div class=\"elementor-widget-container\">\n\t\t\t\t\t<div class=\"pt-plus-button-wrapper   text-   \"><div class=\"button_parallax   \" ><div id=\"button69e7688b8724d\"  class=\" text- ts-button content_hover_effect   \" ><div class=\"pt_plus_button btn69e7688b87201 button-style-12   \"  ><div class=\"animted-content-inner \"><a href=\"#\" class=\"button-link-wrap \" role=\"button\" data-hover=\"Enviar un Whatsapp\"  ><span>Enviar un Whatsapp<i class=\"btn-icon button-after fa fa-chevron-right\"><\/i><\/span><\/a><\/div><\/div><\/div><\/div><\/div>\t\t\t\t<\/div>\n\t\t\t\t<\/div>\n\t\t\t\t<\/div>\n\t\t\t\t<\/div>\n\t\t\t\t\t<\/div>\n\t\t\t\t<\/div>\n\t\t<div class=\"elementor-element elementor-element-3e010b1 e-flex e-con-boxed e-con e-child\" data-id=\"3e010b1\" data-element_type=\"container\" data-e-type=\"container\">\n\t\t\t\t\t<div class=\"e-con-inner\">\n\t\t<div class=\"elementor-element elementor-element-62ab8ad e-con-full e-flex e-con e-child\" data-id=\"62ab8ad\" data-element_type=\"container\" data-e-type=\"container\">\n\t\t\t\t<div class=\"elementor-element elementor-element-6df55a6 elementor-invisible elementor-widget elementor-widget-image\" data-id=\"6df55a6\" data-element_type=\"widget\" data-e-type=\"widget\" data-settings=\"{&quot;_animation&quot;:&quot;fadeIn&quot;}\" data-widget_type=\"image.default\">\n\t\t\t\t<div class=\"elementor-widget-container\">\n\t\t\t\t\t\t\t\t\t\t\t\t\t\t\t<img fetchpriority=\"high\" decoding=\"async\" width=\"500\" height=\"500\" src=\"https:\/\/electricadelcobre.com\/wp-content\/uploads\/2026\/01\/ESTUDIOS-STPS-Y-NOMS.png\" class=\"elementor-animation-shrink attachment-full size-full wp-image-4409\" alt=\"\" srcset=\"https:\/\/electricadelcobre.com\/wp-content\/uploads\/2026\/01\/ESTUDIOS-STPS-Y-NOMS.png 500w, https:\/\/electricadelcobre.com\/wp-content\/uploads\/2026\/01\/ESTUDIOS-STPS-Y-NOMS-300x300.png 300w, https:\/\/electricadelcobre.com\/wp-content\/uploads\/2026\/01\/ESTUDIOS-STPS-Y-NOMS-150x150.png 150w, https:\/\/electricadelcobre.com\/wp-content\/uploads\/2026\/01\/ESTUDIOS-STPS-Y-NOMS-70x70.png 70w\" sizes=\"(max-width: 500px) 100vw, 500px\" \/>\t\t\t\t\t\t\t\t\t\t\t\t\t\t\t<\/div>\n\t\t\t\t<\/div>\n\t\t\t\t<\/div>\n\t\t\t\t\t<\/div>\n\t\t\t\t<\/div>\n\t\t\t\t<\/div>\n\t\t<div class=\"elementor-element elementor-element-1d9f28e e-con-full e-flex e-con e-parent\" data-id=\"1d9f28e\" data-element_type=\"container\" data-e-type=\"container\" data-settings=\"{&quot;background_background&quot;:&quot;gradient&quot;}\">\n\t\t<div class=\"elementor-element elementor-element-43989ab e-con-full e-flex e-con e-child\" data-id=\"43989ab\" data-element_type=\"container\" data-e-type=\"container\">\n\t\t<div class=\"elementor-element elementor-element-8b641e1 e-con-full e-flex e-con e-child\" data-id=\"8b641e1\" data-element_type=\"container\" data-e-type=\"container\">\n\t\t\t\t<div class=\"elementor-element elementor-element-d292e23 elementor-widget elementor-widget-heading\" data-id=\"d292e23\" data-element_type=\"widget\" data-e-type=\"widget\" data-widget_type=\"heading.default\">\n\t\t\t\t<div class=\"elementor-widget-container\">\n\t\t\t\t\t<h2 class=\"elementor-heading-title elementor-size-default\">Servicios y aplicaciones <\/h2>\t\t\t\t<\/div>\n\t\t\t\t<\/div>\n\t\t\t\t<div class=\"elementor-element elementor-element-7545ec5 elementor-widget elementor-widget-heading\" data-id=\"7545ec5\" data-element_type=\"widget\" data-e-type=\"widget\" data-widget_type=\"heading.default\">\n\t\t\t\t<div class=\"elementor-widget-container\">\n\t\t\t\t\t<h2 class=\"elementor-heading-title elementor-size-default\">En El\u00e9ctrica del Cobre brindamos soluciones de automatizaci\u00f3n y control para optimizar la operaci\u00f3n de instalaciones industriales, comerciales y residenciales. Nuestros sistemas permiten incrementar la eficiencia, reducir costos y garantizar seguridad, integrando tecnolog\u00edas de vanguardia que facilitan la supervisi\u00f3n y el manejo de la energ\u00eda y los procesos productivos.<\/h2>\t\t\t\t<\/div>\n\t\t\t\t<\/div>\n\t\t\t\t<\/div>\n\t\t\t\t<\/div>\n\t\t<div class=\"elementor-element elementor-element-dcd67e7 e-con-full e-flex e-con e-child\" data-id=\"dcd67e7\" data-element_type=\"container\" data-e-type=\"container\">\n\t\t<div class=\"elementor-element elementor-element-95bd73f e-con-full e-flex e-con e-child\" data-id=\"95bd73f\" data-element_type=\"container\" data-e-type=\"container\">\n\t\t\t\t<div class=\"elementor-element elementor-element-f20da77 elementor-widget elementor-widget-heading\" data-id=\"f20da77\" data-element_type=\"widget\" data-e-type=\"widget\" data-widget_type=\"heading.default\">\n\t\t\t\t<div class=\"elementor-widget-container\">\n\t\t\t\t\t<h2 class=\"elementor-heading-title elementor-size-default\">Control de \n<br>motores y bombas<\/h2>\t\t\t\t<\/div>\n\t\t\t\t<\/div>\n\t\t\t\t<div class=\"elementor-element elementor-element-7f277a3 elementor-widget elementor-widget-heading\" data-id=\"7f277a3\" data-element_type=\"widget\" data-e-type=\"widget\" data-widget_type=\"heading.default\">\n\t\t\t\t<div class=\"elementor-widget-container\">\n\t\t\t\t\t<h2 class=\"elementor-heading-title elementor-size-default\">Implementamos sistemas que permiten automatizar el arranque, paro y regulaci\u00f3n de motores y bombas, optimizando el consumo energ\u00e9tico y asegurando un funcionamiento confiable en todo momento.<\/h2>\t\t\t\t<\/div>\n\t\t\t\t<\/div>\n\t\t\t\t<\/div>\n\t\t<div class=\"elementor-element elementor-element-ff2a14e e-con-full e-flex e-con e-child\" data-id=\"ff2a14e\" data-element_type=\"container\" data-e-type=\"container\">\n\t\t\t\t<div class=\"elementor-element elementor-element-0d9b451 elementor-widget elementor-widget-heading\" data-id=\"0d9b451\" data-element_type=\"widget\" data-e-type=\"widget\" data-widget_type=\"heading.default\">\n\t\t\t\t<div class=\"elementor-widget-container\">\n\t\t\t\t\t<h2 class=\"elementor-heading-title elementor-size-default\">Sistemas de \n<br>riego autom\u00e1tico<\/h2>\t\t\t\t<\/div>\n\t\t\t\t<\/div>\n\t\t\t\t<div class=\"elementor-element elementor-element-55059eb elementor-widget elementor-widget-heading\" data-id=\"55059eb\" data-element_type=\"widget\" data-e-type=\"widget\" data-widget_type=\"heading.default\">\n\t\t\t\t<div class=\"elementor-widget-container\">\n\t\t\t\t\t<h2 class=\"elementor-heading-title elementor-size-default\">Dise\u00f1amos e instalamos sistemas de riego controlados por tecnolog\u00eda avanzada, que permiten ahorrar agua y energ\u00eda, ajustando los ciclos seg\u00fan las necesidades de cada cultivo o espacio verde.<\/h2>\t\t\t\t<\/div>\n\t\t\t\t<\/div>\n\t\t\t\t<\/div>\n\t\t<div class=\"elementor-element elementor-element-56223c0 e-con-full e-flex e-con e-child\" data-id=\"56223c0\" data-element_type=\"container\" data-e-type=\"container\">\n\t\t\t\t<div class=\"elementor-element elementor-element-d894bdb elementor-widget elementor-widget-heading\" data-id=\"d894bdb\" data-element_type=\"widget\" data-e-type=\"widget\" data-widget_type=\"heading.default\">\n\t\t\t\t<div class=\"elementor-widget-container\">\n\t\t\t\t\t<h2 class=\"elementor-heading-title elementor-size-default\">L\u00edneas de producci\u00f3n \n<br>y ensamble<\/h2>\t\t\t\t<\/div>\n\t\t\t\t<\/div>\n\t\t\t\t<div class=\"elementor-element elementor-element-e87a684 elementor-widget elementor-widget-heading\" data-id=\"e87a684\" data-element_type=\"widget\" data-e-type=\"widget\" data-widget_type=\"heading.default\">\n\t\t\t\t<div class=\"elementor-widget-container\">\n\t\t\t\t\t<h2 class=\"elementor-heading-title elementor-size-default\">Automatizamos procesos industriales mediante controladores y sensores inteligentes, logrando un flujo eficiente de producci\u00f3n y reducci\u00f3n de errores, con supervisi\u00f3n centralizada y mantenimiento predictivo.<\/h2>\t\t\t\t<\/div>\n\t\t\t\t<\/div>\n\t\t\t\t<\/div>\n\t\t<div class=\"elementor-element elementor-element-0eed777 e-con-full e-flex e-con e-child\" data-id=\"0eed777\" data-element_type=\"container\" data-e-type=\"container\">\n\t\t\t\t<div class=\"elementor-element elementor-element-e04aeb7 elementor-widget elementor-widget-heading\" data-id=\"e04aeb7\" data-element_type=\"widget\" data-e-type=\"widget\" data-widget_type=\"heading.default\">\n\t\t\t\t<div class=\"elementor-widget-container\">\n\t\t\t\t\t<h2 class=\"elementor-heading-title elementor-size-default\">Sistemas de HVAC \n<br>(Climatizaci\u00f3n)<\/h2>\t\t\t\t<\/div>\n\t\t\t\t<\/div>\n\t\t\t\t<div class=\"elementor-element elementor-element-dd97ec6 elementor-widget elementor-widget-heading\" data-id=\"dd97ec6\" data-element_type=\"widget\" data-e-type=\"widget\" data-widget_type=\"heading.default\">\n\t\t\t\t<div class=\"elementor-widget-container\">\n\t\t\t\t\t<h2 class=\"elementor-heading-title elementor-size-default\">Implementamos controles automatizados en sistemas de calefacci\u00f3n, ventilaci\u00f3n y aire acondicionado, logrando condiciones de temperatura y ventilaci\u00f3n \u00f3ptimas, as\u00ed como ahorro energ\u00e9tico significativo.<\/h2>\t\t\t\t<\/div>\n\t\t\t\t<\/div>\n\t\t\t\t<\/div>\n\t\t\t\t<\/div>\n\t\t<div class=\"elementor-element elementor-element-55ad4aa e-con-full e-flex e-con e-child\" data-id=\"55ad4aa\" data-element_type=\"container\" data-e-type=\"container\">\n\t\t<div class=\"elementor-element elementor-element-fd09d79 e-con-full e-flex e-con e-child\" data-id=\"fd09d79\" data-element_type=\"container\" data-e-type=\"container\">\n\t\t\t\t<div class=\"elementor-element elementor-element-52e2137 elementor-widget elementor-widget-heading\" data-id=\"52e2137\" data-element_type=\"widget\" data-e-type=\"widget\" data-widget_type=\"heading.default\">\n\t\t\t\t<div class=\"elementor-widget-container\">\n\t\t\t\t\t<h2 class=\"elementor-heading-title elementor-size-default\">Soluciones inteligentes y avanzadas <\/h2>\t\t\t\t<\/div>\n\t\t\t\t<\/div>\n\t\t\t\t<\/div>\n\t\t\t\t<\/div>\n\t\t<div class=\"elementor-element elementor-element-9116b2d e-con-full e-flex e-con e-child\" data-id=\"9116b2d\" data-element_type=\"container\" data-e-type=\"container\">\n\t\t<div class=\"elementor-element elementor-element-e312e73 e-con-full e-flex e-con e-child\" data-id=\"e312e73\" data-element_type=\"container\" data-e-type=\"container\">\n\t\t\t\t<div class=\"elementor-element elementor-element-bb8a5d9 elementor-widget elementor-widget-heading\" data-id=\"bb8a5d9\" data-element_type=\"widget\" data-e-type=\"widget\" data-widget_type=\"heading.default\">\n\t\t\t\t<div class=\"elementor-widget-container\">\n\t\t\t\t\t<h2 class=\"elementor-heading-title elementor-size-default\">Bodegas inteligentes \n<br>y automatizadas<\/h2>\t\t\t\t<\/div>\n\t\t\t\t<\/div>\n\t\t\t\t<div class=\"elementor-element elementor-element-c02f121 elementor-widget elementor-widget-heading\" data-id=\"c02f121\" data-element_type=\"widget\" data-e-type=\"widget\" data-widget_type=\"heading.default\">\n\t\t\t\t<div class=\"elementor-widget-container\">\n\t\t\t\t\t<h2 class=\"elementor-heading-title elementor-size-default\">Dise\u00f1amos y equipamos bodegas con sistemas de control de inventario, iluminaci\u00f3n y log\u00edstica automatizados, mejorando la eficiencia operativa y la seguridad de los productos almacenados.<\/h2>\t\t\t\t<\/div>\n\t\t\t\t<\/div>\n\t\t\t\t<\/div>\n\t\t<div class=\"elementor-element elementor-element-9ec7485 e-con-full e-flex e-con e-child\" data-id=\"9ec7485\" data-element_type=\"container\" data-e-type=\"container\">\n\t\t\t\t<div class=\"elementor-element elementor-element-6d67f26 elementor-widget elementor-widget-heading\" data-id=\"6d67f26\" data-element_type=\"widget\" data-e-type=\"widget\" data-widget_type=\"heading.default\">\n\t\t\t\t<div class=\"elementor-widget-container\">\n\t\t\t\t\t<h2 class=\"elementor-heading-title elementor-size-default\">Sistemas fotovoltaicos \n<br>con monitoreo en tiempo real<\/h2>\t\t\t\t<\/div>\n\t\t\t\t<\/div>\n\t\t\t\t<div class=\"elementor-element elementor-element-6179cd7 elementor-widget elementor-widget-heading\" data-id=\"6179cd7\" data-element_type=\"widget\" data-e-type=\"widget\" data-widget_type=\"heading.default\">\n\t\t\t\t<div class=\"elementor-widget-container\">\n\t\t\t\t\t<h2 class=\"elementor-heading-title elementor-size-default\">Integramos paneles solares con monitoreo y control remoto, permitiendo conocer la producci\u00f3n de energ\u00eda, detectar fallas y optimizar el rendimiento del sistema de manera inmediata.<\/h2>\t\t\t\t<\/div>\n\t\t\t\t<\/div>\n\t\t\t\t<\/div>\n\t\t<div class=\"elementor-element elementor-element-04e219a e-con-full e-flex e-con e-child\" data-id=\"04e219a\" data-element_type=\"container\" data-e-type=\"container\">\n\t\t\t\t<div class=\"elementor-element elementor-element-f1b90f2 elementor-widget elementor-widget-heading\" data-id=\"f1b90f2\" data-element_type=\"widget\" data-e-type=\"widget\" data-widget_type=\"heading.default\">\n\t\t\t\t<div class=\"elementor-widget-container\">\n\t\t\t\t\t<h2 class=\"elementor-heading-title elementor-size-default\">Iluminaci\u00f3n y energ\u00eda \n<br>automatizada (dom\u00f3tica e industrial)<\/h2>\t\t\t\t<\/div>\n\t\t\t\t<\/div>\n\t\t\t\t<div class=\"elementor-element elementor-element-0a7e008 elementor-widget elementor-widget-heading\" data-id=\"0a7e008\" data-element_type=\"widget\" data-e-type=\"widget\" data-widget_type=\"heading.default\">\n\t\t\t\t<div class=\"elementor-widget-container\">\n\t\t\t\t\t<h2 class=\"elementor-heading-title elementor-size-default\">Instalamos soluciones de control de iluminaci\u00f3n y energ\u00eda, tanto en entornos residenciales como industriales, que permiten gestionar consumos, programar encendidos y apagados, y mejorar la eficiencia energ\u00e9tica general.<\/h2>\t\t\t\t<\/div>\n\t\t\t\t<\/div>\n\t\t\t\t<\/div>\n\t\t\t\t<\/div>\n\t\t\t\t<\/div>\n\t\t<div class=\"elementor-element elementor-element-595a62a e-con-full e-flex e-con e-parent\" data-id=\"595a62a\" data-element_type=\"container\" data-e-type=\"container\" data-settings=\"{&quot;background_background&quot;:&quot;classic&quot;}\">\n\t\t\t\t<div class=\"elementor-element elementor-element-8792976 elementor-widget elementor-widget-easton_h1_subscribe\" data-id=\"8792976\" data-element_type=\"widget\" data-e-type=\"widget\" data-widget_type=\"easton_h1_subscribe.default\">\n\t\t\t\t<div class=\"elementor-widget-container\">\n\t\t\t\t\t\t\t\n        <section class=\"subscribe-section p_relative \">\n            <div class=\"auto-container\">\n                <div class=\"inner-container\">\n                    <div class=\"row align-items-center clearfix\">\n\t\t\t\t\t\t                        <div class=\"col-lg-6 col-md-12 col-sm-12 text-column\">\n                            <div class=\"text p_relative d_block\">\n                                <h2>Suscr\u00edbete a nuestro Newsletter<\/h2>\n                            <\/div>\n                        <\/div>\n\t\t\t\t\t\t                        <div class=\"col-lg-6 col-md-12 col-sm-12 form-column\">\n                            <div class=\"form-inner p_relative d_block\">\n                                <form class=\"subscribe-form\" method=\"post\" action=\"http:\/\/feedburner.google.com\/fb\/a\/mailverify\" accept-charset=\"utf-8\">\n                                    <div class=\"form-group\">\n\t\t\t\t\t\t\t\t\t\t<input type=\"hidden\" id=\"uri2\" name=\"uri\" value=\"themeforest\">\n                                        <input type=\"email\" name=\"email\" placeholder=\"Tu email aqu\u00ed\" required=\"\">\n\t\t\t\t\t\t\t\t\t\t                                        <button type=\"submit\">Suscribirme<i class=\"icon-7\"><\/i><\/button>\n\t\t\t\t\t\t\t\t\t\t                                    <\/div>\n                                <\/form>\n                            <\/div>\n                        <\/div>\n                    <\/div>\n                <\/div>\n            <\/div>\n        <\/section>\n             \n\t\t\t\t\t\t<\/div>\n\t\t\t\t<\/div>\n\t\t\t\t<\/div>\n\t\t\t\t<\/div>\n\t\t","protected":false},"excerpt":{"rendered":"<p>SERVICIOS AUTOMATIZACI\u00d3N Y CONTROL Automatizaci\u00f3n y Control en Hermosillo, Sonora Soluciones inteligentes para control de energ\u00eda y procesos el\u00e9ctricos En Ingenier\u00eda El\u00e9ctrica del Cobre, desarrollamos soluciones avanzadas de automatizaci\u00f3n y control para mejorar la eficiencia, confiabilidad y monitoreo de tus sistemas el\u00e9ctricos. Enviar un Whatsapp Servicios y aplicaciones En El\u00e9ctrica del Cobre brindamos soluciones de [&hellip;]<\/p>\n","protected":false},"author":2,"featured_media":0,"parent":0,"menu_order":0,"comment_status":"closed","ping_status":"closed","template":"elementor_header_footer","meta":{"footnotes":""},"categories":[74],"tags":[],"class_list":["post-4408","page","type-page","status-publish","hentry","category-servicios"],"_links":{"self":[{"href":"https:\/\/electricadelcobre.com\/index.php\/wp-json\/wp\/v2\/pages\/4408","targetHints":{"allow":["GET"]}}],"collection":[{"href":"https:\/\/electricadelcobre.com\/index.php\/wp-json\/wp\/v2\/pages"}],"about":[{"href":"https:\/\/electricadelcobre.com\/index.php\/wp-json\/wp\/v2\/types\/page"}],"author":[{"embeddable":true,"href":"https:\/\/electricadelcobre.com\/index.php\/wp-json\/wp\/v2\/users\/2"}],"replies":[{"embeddable":true,"href":"https:\/\/electricadelcobre.com\/index.php\/wp-json\/wp\/v2\/comments?post=4408"}],"version-history":[{"count":3,"href":"https:\/\/electricadelcobre.com\/index.php\/wp-json\/wp\/v2\/pages\/4408\/revisions"}],"predecessor-version":[{"id":4415,"href":"https:\/\/electricadelcobre.com\/index.php\/wp-json\/wp\/v2\/pages\/4408\/revisions\/4415"}],"wp:attachment":[{"href":"https:\/\/electricadelcobre.com\/index.php\/wp-json\/wp\/v2\/media?parent=4408"}],"wp:term":[{"taxonomy":"category","embeddable":true,"href":"https:\/\/electricadelcobre.com\/index.php\/wp-json\/wp\/v2\/categories?post=4408"},{"taxonomy":"post_tag","embeddable":true,"href":"https:\/\/electricadelcobre.com\/index.php\/wp-json\/wp\/v2\/tags?post=4408"}],"curies":[{"name":"wp","href":"https:\/\/api.w.org\/{rel}","templated":true}]}}