{"id":4404,"date":"2026-01-03T00:31:11","date_gmt":"2026-01-03T07:31:11","guid":{"rendered":"https:\/\/electricadelcobre.com\/?page_id=4404"},"modified":"2026-01-05T22:26:43","modified_gmt":"2026-01-06T05:26:43","slug":"estudios-stps-y-noms-2","status":"publish","type":"page","link":"https:\/\/electricadelcobre.com\/index.php\/estudios-stps-y-noms-2\/","title":{"rendered":"ESTUDIOS STPS Y NOMS 01"},"content":{"rendered":"\t\t<div data-elementor-type=\"wp-page\" data-elementor-id=\"4404\" class=\"elementor elementor-4404\" data-elementor-post-type=\"page\">\n\t\t\t\t<div class=\"elementor-element elementor-element-564c7c2 e-flex e-con-boxed e-con e-parent\" data-id=\"564c7c2\" data-element_type=\"container\" data-e-type=\"container\" data-settings=\"{&quot;background_background&quot;:&quot;classic&quot;}\">\n\t\t\t\t\t<div class=\"e-con-inner\">\n\t\t<div class=\"elementor-element elementor-element-0a5f749 e-con-full e-flex e-con e-child\" data-id=\"0a5f749\" data-element_type=\"container\" data-e-type=\"container\">\n\t\t\t\t<div class=\"elementor-element elementor-element-2c80c2e elementor-widget elementor-widget-heading\" data-id=\"2c80c2e\" data-element_type=\"widget\" data-e-type=\"widget\" data-widget_type=\"heading.default\">\n\t\t\t\t<div class=\"elementor-widget-container\">\n\t\t\t\t\t<h2 class=\"elementor-heading-title elementor-size-default\">SERVICIOS<\/h2>\t\t\t\t<\/div>\n\t\t\t\t<\/div>\n\t\t\t\t<div class=\"elementor-element elementor-element-0e0a4a5 elementor-widget elementor-widget-heading\" data-id=\"0e0a4a5\" data-element_type=\"widget\" data-e-type=\"widget\" data-widget_type=\"heading.default\">\n\t\t\t\t<div class=\"elementor-widget-container\">\n\t\t\t\t\t<h2 class=\"elementor-heading-title elementor-size-default\">ESTUDIOS STPS Y NOMS<\/h2>\t\t\t\t<\/div>\n\t\t\t\t<\/div>\n\t\t\t\t<\/div>\n\t\t\t\t\t<\/div>\n\t\t\t\t<\/div>\n\t\t<div class=\"elementor-element elementor-element-c5fe0be e-con-full e-flex e-con e-parent\" data-id=\"c5fe0be\" data-element_type=\"container\" data-e-type=\"container\">\n\t\t<div class=\"elementor-element elementor-element-491f4d6 e-flex e-con-boxed e-con e-child\" data-id=\"491f4d6\" data-element_type=\"container\" data-e-type=\"container\">\n\t\t\t\t\t<div class=\"e-con-inner\">\n\t\t<div class=\"elementor-element elementor-element-cbfef08 e-con-full e-flex e-con e-child\" data-id=\"cbfef08\" data-element_type=\"container\" data-e-type=\"container\">\n\t\t\t\t<div class=\"elementor-element elementor-element-6ca765d elementor-invisible elementor-widget elementor-widget-heading\" data-id=\"6ca765d\" data-element_type=\"widget\" data-e-type=\"widget\" data-settings=\"{&quot;_animation&quot;:&quot;fadeIn&quot;}\" data-widget_type=\"heading.default\">\n\t\t\t\t<div class=\"elementor-widget-container\">\n\t\t\t\t\t<h2 class=\"elementor-heading-title elementor-size-default\">Estudios STPS y NOMS en Hermosillo, Sonora<\/h2>\t\t\t\t<\/div>\n\t\t\t\t<\/div>\n\t\t\t\t<div class=\"elementor-element elementor-element-ae28ba1 elementor-widget elementor-widget-heading\" data-id=\"ae28ba1\" data-element_type=\"widget\" data-e-type=\"widget\" data-widget_type=\"heading.default\">\n\t\t\t\t<div class=\"elementor-widget-container\">\n\t\t\t\t\t<h2 class=\"elementor-heading-title elementor-size-default\">Diagn\u00f3stico para seguridad laboral y cumplimiento legal<\/h2>\t\t\t\t<\/div>\n\t\t\t\t<\/div>\n\t\t\t\t<div class=\"elementor-element elementor-element-b644e4e elementor-widget elementor-widget-heading\" data-id=\"b644e4e\" data-element_type=\"widget\" data-e-type=\"widget\" data-widget_type=\"heading.default\">\n\t\t\t\t<div class=\"elementor-widget-container\">\n\t\t\t\t\t<h2 class=\"elementor-heading-title elementor-size-default\">En Ingenier\u00eda El\u00e9ctrica del Cobre realizamos estudios el\u00e9ctricos conforme a la STPS y las Normas Oficiales Mexicanas (NOM) para asegurar que tu instalaci\u00f3n el\u00e9ctrica cumpla con los requisitos en materia de seguridad laboral, condiciones f\u00edsicas, protecciones el\u00e9ctricas, continuidad de la tierra, y m\u00e1s.<\/h2>\t\t\t\t<\/div>\n\t\t\t\t<\/div>\n\t\t\t\t<\/div>\n\t\t<div class=\"elementor-element elementor-element-6108d0f e-con-full e-flex e-con e-child\" data-id=\"6108d0f\" data-element_type=\"container\" data-e-type=\"container\">\n\t\t<div class=\"elementor-element elementor-element-8067b4a e-con-full e-flex e-con e-child\" data-id=\"8067b4a\" data-element_type=\"container\" data-e-type=\"container\">\n\t\t\t\t<div class=\"elementor-element elementor-element-2317f98 elementor-widget elementor-widget-tp-button\" data-id=\"2317f98\" data-element_type=\"widget\" data-e-type=\"widget\" data-widget_type=\"tp-button.default\">\n\t\t\t\t<div class=\"elementor-widget-container\">\n\t\t\t\t\t<div class=\"pt-plus-button-wrapper   text-   \"><div class=\"button_parallax   \" ><div id=\"button69e76cdcf36ba\"  class=\" text- ts-button content_hover_effect   \" ><div class=\"pt_plus_button btn69e76cdcf367d button-style-12   \"  ><div class=\"animted-content-inner \"><a href=\"#\" class=\"button-link-wrap \" role=\"button\" data-hover=\"Enviar un Whatsapp\"  ><span>Enviar un Whatsapp<i class=\"btn-icon button-after fa fa-chevron-right\"><\/i><\/span><\/a><\/div><\/div><\/div><\/div><\/div>\t\t\t\t<\/div>\n\t\t\t\t<\/div>\n\t\t\t\t<\/div>\n\t\t\t\t<\/div>\n\t\t\t\t\t<\/div>\n\t\t\t\t<\/div>\n\t\t<div class=\"elementor-element elementor-element-19f2837 e-flex e-con-boxed e-con e-child\" data-id=\"19f2837\" data-element_type=\"container\" data-e-type=\"container\">\n\t\t\t\t\t<div class=\"e-con-inner\">\n\t\t<div class=\"elementor-element elementor-element-3812240 e-con-full e-flex e-con e-child\" data-id=\"3812240\" data-element_type=\"container\" data-e-type=\"container\">\n\t\t\t\t<div class=\"elementor-element elementor-element-47a40cc elementor-invisible elementor-widget elementor-widget-image\" data-id=\"47a40cc\" data-element_type=\"widget\" data-e-type=\"widget\" data-settings=\"{&quot;_animation&quot;:&quot;fadeIn&quot;}\" data-widget_type=\"image.default\">\n\t\t\t\t<div class=\"elementor-widget-container\">\n\t\t\t\t\t\t\t\t\t\t\t\t\t\t\t<img fetchpriority=\"high\" decoding=\"async\" width=\"500\" height=\"500\" src=\"https:\/\/electricadelcobre.com\/wp-content\/uploads\/2026\/01\/ESTUDIOS-STPS-Y-NOMS.png\" class=\"elementor-animation-shrink attachment-full size-full wp-image-4409\" alt=\"\" srcset=\"https:\/\/electricadelcobre.com\/wp-content\/uploads\/2026\/01\/ESTUDIOS-STPS-Y-NOMS.png 500w, https:\/\/electricadelcobre.com\/wp-content\/uploads\/2026\/01\/ESTUDIOS-STPS-Y-NOMS-300x300.png 300w, https:\/\/electricadelcobre.com\/wp-content\/uploads\/2026\/01\/ESTUDIOS-STPS-Y-NOMS-150x150.png 150w, https:\/\/electricadelcobre.com\/wp-content\/uploads\/2026\/01\/ESTUDIOS-STPS-Y-NOMS-70x70.png 70w\" sizes=\"(max-width: 500px) 100vw, 500px\" \/>\t\t\t\t\t\t\t\t\t\t\t\t\t\t\t<\/div>\n\t\t\t\t<\/div>\n\t\t\t\t<\/div>\n\t\t\t\t\t<\/div>\n\t\t\t\t<\/div>\n\t\t\t\t<\/div>\n\t\t<div class=\"elementor-element elementor-element-80e9434 e-con-full e-flex e-con e-parent\" data-id=\"80e9434\" data-element_type=\"container\" data-e-type=\"container\" data-settings=\"{&quot;background_background&quot;:&quot;gradient&quot;}\">\n\t\t<div class=\"elementor-element elementor-element-2428f88 e-con-full e-flex e-con e-child\" data-id=\"2428f88\" data-element_type=\"container\" data-e-type=\"container\">\n\t\t<div class=\"elementor-element elementor-element-cf57718 e-con-full e-flex e-con e-child\" data-id=\"cf57718\" data-element_type=\"container\" data-e-type=\"container\">\n\t\t\t\t<div class=\"elementor-element elementor-element-1a28633 elementor-widget elementor-widget-heading\" data-id=\"1a28633\" data-element_type=\"widget\" data-e-type=\"widget\" data-widget_type=\"heading.default\">\n\t\t\t\t<div class=\"elementor-widget-container\">\n\t\t\t\t\t<h2 class=\"elementor-heading-title elementor-size-default\">TIPOS DE DICT\u00c1MENES<\/h2>\t\t\t\t<\/div>\n\t\t\t\t<\/div>\n\t\t\t\t<div class=\"elementor-element elementor-element-11b1008 elementor-widget elementor-widget-heading\" data-id=\"11b1008\" data-element_type=\"widget\" data-e-type=\"widget\" data-widget_type=\"heading.default\">\n\t\t\t\t<div class=\"elementor-widget-container\">\n\t\t\t\t\t<h2 class=\"elementor-heading-title elementor-size-default\">En El\u00e9ctrica del Cobre realizamos estudios y dict\u00e1menes el\u00e9ctricos bajo las normativas de la Secretar\u00eda del Trabajo y Previsi\u00f3n Social (STPS) y las Normas Oficiales Mexicanas (NOMS), garantizando que las instalaciones cumplan con todos los est\u00e1ndares de seguridad, eficiencia y legalidad. Nuestros servicios incluyen an\u00e1lisis detallados, planificaci\u00f3n y ejecuci\u00f3n de medidas correctivas, siempre enfocados en proteger a las personas y los equipos.<\/h2>\t\t\t\t<\/div>\n\t\t\t\t<\/div>\n\t\t\t\t<\/div>\n\t\t\t\t<\/div>\n\t\t<div class=\"elementor-element elementor-element-001e10c e-con-full e-flex e-con e-child\" data-id=\"001e10c\" data-element_type=\"container\" data-e-type=\"container\">\n\t\t<div class=\"elementor-element elementor-element-590c6da e-con-full e-flex e-con e-child\" data-id=\"590c6da\" data-element_type=\"container\" data-e-type=\"container\">\n\t\t\t\t<div class=\"elementor-element elementor-element-7b446a4 elementor-widget elementor-widget-heading\" data-id=\"7b446a4\" data-element_type=\"widget\" data-e-type=\"widget\" data-widget_type=\"heading.default\">\n\t\t\t\t<div class=\"elementor-widget-container\">\n\t\t\t\t\t<h2 class=\"elementor-heading-title elementor-size-default\">Dictamen \n<br>El\u00e9ctrico<\/h2>\t\t\t\t<\/div>\n\t\t\t\t<\/div>\n\t\t\t\t<div class=\"elementor-element elementor-element-2a342e1 elementor-widget elementor-widget-heading\" data-id=\"2a342e1\" data-element_type=\"widget\" data-e-type=\"widget\" data-widget_type=\"heading.default\">\n\t\t\t\t<div class=\"elementor-widget-container\">\n\t\t\t\t\t<h2 class=\"elementor-heading-title elementor-size-default\">Evaluaci\u00f3n integral de las instalaciones el\u00e9ctricas, asegurando que cumplan con las normas de seguridad y los est\u00e1ndares de eficiencia.<\/h2>\t\t\t\t<\/div>\n\t\t\t\t<\/div>\n\t\t\t\t<\/div>\n\t\t<div class=\"elementor-element elementor-element-a7e753e e-con-full e-flex e-con e-child\" data-id=\"a7e753e\" data-element_type=\"container\" data-e-type=\"container\">\n\t\t\t\t<div class=\"elementor-element elementor-element-79d4d9e elementor-widget elementor-widget-heading\" data-id=\"79d4d9e\" data-element_type=\"widget\" data-e-type=\"widget\" data-widget_type=\"heading.default\">\n\t\t\t\t<div class=\"elementor-widget-container\">\n\t\t\t\t\t<h2 class=\"elementor-heading-title elementor-size-default\">Estudio de tierras f\u00edsicas<\/h2>\t\t\t\t<\/div>\n\t\t\t\t<\/div>\n\t\t\t\t<div class=\"elementor-element elementor-element-7a1fe34 elementor-widget elementor-widget-heading\" data-id=\"7a1fe34\" data-element_type=\"widget\" data-e-type=\"widget\" data-widget_type=\"heading.default\">\n\t\t\t\t<div class=\"elementor-widget-container\">\n\t\t\t\t\t<h2 class=\"elementor-heading-title elementor-size-default\">(NOM-022-STPS-2015)<\/h2>\t\t\t\t<\/div>\n\t\t\t\t<\/div>\n\t\t\t\t<div class=\"elementor-element elementor-element-bcfa357 elementor-widget elementor-widget-heading\" data-id=\"bcfa357\" data-element_type=\"widget\" data-e-type=\"widget\" data-widget_type=\"heading.default\">\n\t\t\t\t<div class=\"elementor-widget-container\">\n\t\t\t\t\t<h2 class=\"elementor-heading-title elementor-size-default\">Verificaci\u00f3n del sistema de puesta a tierra para garantizar la seguridad de usuarios y equipos ante fallas el\u00e9ctricas.\u00a0<\/h2>\t\t\t\t<\/div>\n\t\t\t\t<\/div>\n\t\t\t\t<\/div>\n\t\t<div class=\"elementor-element elementor-element-68c1615 e-con-full e-flex e-con e-child\" data-id=\"68c1615\" data-element_type=\"container\" data-e-type=\"container\">\n\t\t\t\t<div class=\"elementor-element elementor-element-6afe017 elementor-widget elementor-widget-heading\" data-id=\"6afe017\" data-element_type=\"widget\" data-e-type=\"widget\" data-widget_type=\"heading.default\">\n\t\t\t\t<div class=\"elementor-widget-container\">\n\t\t\t\t\t<h2 class=\"elementor-heading-title elementor-size-default\">Plan de Mantenimiento de instalaciones el\u00e9ctricas<\/h2>\t\t\t\t<\/div>\n\t\t\t\t<\/div>\n\t\t\t\t<div class=\"elementor-element elementor-element-39328b1 elementor-widget elementor-widget-heading\" data-id=\"39328b1\" data-element_type=\"widget\" data-e-type=\"widget\" data-widget_type=\"heading.default\">\n\t\t\t\t<div class=\"elementor-widget-container\">\n\t\t\t\t\t<h2 class=\"elementor-heading-title elementor-size-default\">(NOM-029-STPS-2011)<\/h2>\t\t\t\t<\/div>\n\t\t\t\t<\/div>\n\t\t\t\t<div class=\"elementor-element elementor-element-fb2432e elementor-widget elementor-widget-heading\" data-id=\"fb2432e\" data-element_type=\"widget\" data-e-type=\"widget\" data-widget_type=\"heading.default\">\n\t\t\t\t<div class=\"elementor-widget-container\">\n\t\t\t\t\t<h2 class=\"elementor-heading-title elementor-size-default\">Elaboraci\u00f3n de planes preventivos y correctivos para asegurar el correcto funcionamiento de las instalaciones.<\/h2>\t\t\t\t<\/div>\n\t\t\t\t<\/div>\n\t\t\t\t<\/div>\n\t\t\t\t<\/div>\n\t\t<div class=\"elementor-element elementor-element-2548272 e-con-full e-flex e-con e-child\" data-id=\"2548272\" data-element_type=\"container\" data-e-type=\"container\">\n\t\t<div class=\"elementor-element elementor-element-fd37767 e-con-full e-flex e-con e-child\" data-id=\"fd37767\" data-element_type=\"container\" data-e-type=\"container\">\n\t\t\t\t<div class=\"elementor-element elementor-element-94272c9 elementor-widget elementor-widget-heading\" data-id=\"94272c9\" data-element_type=\"widget\" data-e-type=\"widget\" data-widget_type=\"heading.default\">\n\t\t\t\t<div class=\"elementor-widget-container\">\n\t\t\t\t\t<h2 class=\"elementor-heading-title elementor-size-default\">Estudio de electricidad est\u00e1tica<\/h2>\t\t\t\t<\/div>\n\t\t\t\t<\/div>\n\t\t\t\t<div class=\"elementor-element elementor-element-acd65b5 elementor-widget elementor-widget-heading\" data-id=\"acd65b5\" data-element_type=\"widget\" data-e-type=\"widget\" data-widget_type=\"heading.default\">\n\t\t\t\t<div class=\"elementor-widget-container\">\n\t\t\t\t\t<h2 class=\"elementor-heading-title elementor-size-default\">(NOM-022-STPS-2015)<\/h2>\t\t\t\t<\/div>\n\t\t\t\t<\/div>\n\t\t\t\t<div class=\"elementor-element elementor-element-b255c1b elementor-widget elementor-widget-heading\" data-id=\"b255c1b\" data-element_type=\"widget\" data-e-type=\"widget\" data-widget_type=\"heading.default\">\n\t\t\t\t<div class=\"elementor-widget-container\">\n\t\t\t\t\t<h2 class=\"elementor-heading-title elementor-size-default\">Identificaci\u00f3n y control de cargas el\u00e9ctricas est\u00e1ticas que puedan representar riesgos en procesos industriales o \u00e1reas sensibles.<\/h2>\t\t\t\t<\/div>\n\t\t\t\t<\/div>\n\t\t\t\t<\/div>\n\t\t<div class=\"elementor-element elementor-element-472536c e-con-full e-flex e-con e-child\" data-id=\"472536c\" data-element_type=\"container\" data-e-type=\"container\">\n\t\t\t\t<div class=\"elementor-element elementor-element-43b6bb6 elementor-widget elementor-widget-heading\" data-id=\"43b6bb6\" data-element_type=\"widget\" data-e-type=\"widget\" data-widget_type=\"heading.default\">\n\t\t\t\t<div class=\"elementor-widget-container\">\n\t\t\t\t\t<h2 class=\"elementor-heading-title elementor-size-default\">Estudio de sistema de pararrayos<\/h2>\t\t\t\t<\/div>\n\t\t\t\t<\/div>\n\t\t\t\t<div class=\"elementor-element elementor-element-805eba7 elementor-widget elementor-widget-heading\" data-id=\"805eba7\" data-element_type=\"widget\" data-e-type=\"widget\" data-widget_type=\"heading.default\">\n\t\t\t\t<div class=\"elementor-widget-container\">\n\t\t\t\t\t<h2 class=\"elementor-heading-title elementor-size-default\">(NOM-022-STPS-2015)<\/h2>\t\t\t\t<\/div>\n\t\t\t\t<\/div>\n\t\t\t\t<div class=\"elementor-element elementor-element-4d36574 elementor-widget elementor-widget-heading\" data-id=\"4d36574\" data-element_type=\"widget\" data-e-type=\"widget\" data-widget_type=\"heading.default\">\n\t\t\t\t<div class=\"elementor-widget-container\">\n\t\t\t\t\t<h2 class=\"elementor-heading-title elementor-size-default\">Inspecci\u00f3n y evaluaci\u00f3n de sistemas de protecci\u00f3n contra descargas el\u00e9ctricas, garantizando seguridad y cumplimiento normativo.\u00a0<\/h2>\t\t\t\t<\/div>\n\t\t\t\t<\/div>\n\t\t\t\t<\/div>\n\t\t<div class=\"elementor-element elementor-element-26939f8 e-con-full e-flex e-con e-child\" data-id=\"26939f8\" data-element_type=\"container\" data-e-type=\"container\">\n\t\t\t\t<div class=\"elementor-element elementor-element-f475a93 elementor-widget elementor-widget-heading\" data-id=\"f475a93\" data-element_type=\"widget\" data-e-type=\"widget\" data-widget_type=\"heading.default\">\n\t\t\t\t<div class=\"elementor-widget-container\">\n\t\t\t\t\t<h2 class=\"elementor-heading-title elementor-size-default\">Estudio de iluminaci\u00f3n en centros de trabajo<\/h2>\t\t\t\t<\/div>\n\t\t\t\t<\/div>\n\t\t\t\t<div class=\"elementor-element elementor-element-fb98a25 elementor-widget elementor-widget-heading\" data-id=\"fb98a25\" data-element_type=\"widget\" data-e-type=\"widget\" data-widget_type=\"heading.default\">\n\t\t\t\t<div class=\"elementor-widget-container\">\n\t\t\t\t\t<h2 class=\"elementor-heading-title elementor-size-default\">(NOM-025-STPS-2008)<\/h2>\t\t\t\t<\/div>\n\t\t\t\t<\/div>\n\t\t\t\t<div class=\"elementor-element elementor-element-1e65182 elementor-widget elementor-widget-heading\" data-id=\"1e65182\" data-element_type=\"widget\" data-e-type=\"widget\" data-widget_type=\"heading.default\">\n\t\t\t\t<div class=\"elementor-widget-container\">\n\t\t\t\t\t<h2 class=\"elementor-heading-title elementor-size-default\">An\u00e1lisis de niveles de iluminaci\u00f3n para asegurar condiciones laborales seguras y c\u00f3modas.\u00a0<\/h2>\t\t\t\t<\/div>\n\t\t\t\t<\/div>\n\t\t\t\t<\/div>\n\t\t\t\t<\/div>\n\t\t\t\t<\/div>\n\t\t<div class=\"elementor-element elementor-element-d626dc7 e-flex e-con-boxed e-con e-parent\" data-id=\"d626dc7\" data-element_type=\"container\" data-e-type=\"container\">\n\t\t\t\t\t<div class=\"e-con-inner\">\n\t\t<div class=\"elementor-element elementor-element-607154e e-con-full e-flex e-con e-child\" data-id=\"607154e\" data-element_type=\"container\" data-e-type=\"container\">\n\t\t\t\t<div class=\"elementor-element elementor-element-e1631ff elementor-widget elementor-widget-heading\" data-id=\"e1631ff\" data-element_type=\"widget\" data-e-type=\"widget\" data-widget_type=\"heading.default\">\n\t\t\t\t<div class=\"elementor-widget-container\">\n\t\t\t\t\t<h2 class=\"elementor-heading-title elementor-size-default\">Normas Oficiales Mexicanas (NOMS) y Regulaciones Aplicables <\/h2>\t\t\t\t<\/div>\n\t\t\t\t<\/div>\n\t\t\t\t<div class=\"elementor-element elementor-element-784e299 elementor-widget elementor-widget-text-editor\" data-id=\"784e299\" data-element_type=\"widget\" data-e-type=\"widget\" data-widget_type=\"text-editor.default\">\n\t\t\t\t<div class=\"elementor-widget-container\">\n\t\t\t\t\t\t\t\t\t<p><span style=\"font-weight: 400;\">Nuestros estudios y servicios cumplen con las siguientes normas:\u00a0<\/span><\/p><ul><li><span style=\"font-weight: 400;\"> NOM-001-SEDE-12 \u2013 Instalaciones el\u00e9ctricas.\u00a0<\/span><\/li><li><span style=\"font-weight: 400;\"> NOM-007-ENER-2014 \u2013 Eficiencia energ\u00e9tica.\u00a0<\/span><\/li><li><span style=\"font-weight: 400;\"> NOM-022-STPS-2015 \u2013 Condiciones de seguridad en instalaciones el\u00e9ctricas y sistemas de puesta a tierra.\u00a0<\/span><\/li><li><span style=\"font-weight: 400;\"> NOM-013-ENER-2013 \u2013 Eficiencia energ\u00e9tica en equipos el\u00e9ctricos.\u00a0<\/span><\/li><li><span style=\"font-weight: 400;\"> NOM-029-STPS-2011 \u2013 Mantenimiento de instalaciones el\u00e9ctricas.\u00a0<\/span><\/li><\/ul><p><span style=\"font-weight: 400;\">Adem\u00e1s, nuestros procedimientos cumplen con las normas de construcci\u00f3n de CFE, asegurando que cada proyecto se ejecute dentro de los lineamientos oficiales y con total seguridad. <\/span><\/p>\t\t\t\t\t\t\t\t<\/div>\n\t\t\t\t<\/div>\n\t\t\t\t<div class=\"elementor-element elementor-element-544b7e2 elementor-widget elementor-widget-heading\" data-id=\"544b7e2\" data-element_type=\"widget\" data-e-type=\"widget\" data-widget_type=\"heading.default\">\n\t\t\t\t<div class=\"elementor-widget-container\">\n\t\t\t\t\t<h2 class=\"elementor-heading-title elementor-size-default\">Normas Oficiales Mexicanas (NOMS) y Regulaciones Aplicables <\/h2>\t\t\t\t<\/div>\n\t\t\t\t<\/div>\n\t\t\t\t<div class=\"elementor-element elementor-element-7f1a70f elementor-widget elementor-widget-text-editor\" data-id=\"7f1a70f\" data-element_type=\"widget\" data-e-type=\"widget\" data-widget_type=\"text-editor.default\">\n\t\t\t\t<div class=\"elementor-widget-container\">\n\t\t\t\t\t\t\t\t\t<p><span style=\"font-weight: 400;\">En El\u00e9ctrica del Cobre garantizamos que nuestro personal reciba capacitaci\u00f3n especializada y cursos necesarios para operar de manera segura y eficiente. Entre las \u00e1reas de capacitaci\u00f3n destacan: <\/span><\/p><ul><li><span style=\"font-weight: 400;\"> Factores de riesgo y prevenci\u00f3n de accidentes\u00a0<\/span><\/li><li><span style=\"font-weight: 400;\"> Trabajos en alturas\u00a0<\/span><\/li><li><span style=\"font-weight: 400;\"> Mantenimiento de instalaciones el\u00e9ctricas (NOM-029 y NOM-022)\u00a0<\/span><\/li><li><span style=\"font-weight: 400;\"> Primeros auxilios y uso de extintores\u00a0<\/span><\/li><li><span style=\"font-weight: 400;\"> Equipos de protecci\u00f3n personal (EPP)\u00a0<\/span><\/li><li><span style=\"font-weight: 400;\"> Operaci\u00f3n de gr\u00faas y maquinaria pesada <\/span><\/li><\/ul>\t\t\t\t\t\t\t\t<\/div>\n\t\t\t\t<\/div>\n\t\t\t\t<div class=\"elementor-element elementor-element-8816c97 elementor-widget elementor-widget-text-editor\" data-id=\"8816c97\" data-element_type=\"widget\" data-e-type=\"widget\" data-widget_type=\"text-editor.default\">\n\t\t\t\t<div class=\"elementor-widget-container\">\n\t\t\t\t\t\t\t\t\t<p><span style=\"font-weight: 400;\">Estas capacitaciones aseguran que nuestros t\u00e9cnicos trabajen bajo los m\u00e1s altos est\u00e1ndares de seguridad, reduciendo riesgos y asegurando la calidad en cada servicio. <\/span><\/p>\t\t\t\t\t\t\t\t<\/div>\n\t\t\t\t<\/div>\n\t\t\t\t<\/div>\n\t\t\t\t\t<\/div>\n\t\t\t\t<\/div>\n\t\t<div class=\"elementor-element elementor-element-977a001 e-con-full e-flex e-con e-parent\" data-id=\"977a001\" data-element_type=\"container\" data-e-type=\"container\" data-settings=\"{&quot;background_background&quot;:&quot;classic&quot;}\">\n\t\t\t\t<div class=\"elementor-element elementor-element-bf0a913 elementor-widget elementor-widget-easton_h1_subscribe\" data-id=\"bf0a913\" data-element_type=\"widget\" data-e-type=\"widget\" data-widget_type=\"easton_h1_subscribe.default\">\n\t\t\t\t<div class=\"elementor-widget-container\">\n\t\t\t\t\t\t\t\n        <section class=\"subscribe-section p_relative \">\n            <div class=\"auto-container\">\n                <div class=\"inner-container\">\n                    <div class=\"row align-items-center clearfix\">\n\t\t\t\t\t\t                        <div class=\"col-lg-6 col-md-12 col-sm-12 text-column\">\n                            <div class=\"text p_relative d_block\">\n                                <h2>Suscr\u00edbete a nuestro Newsletter<\/h2>\n                            <\/div>\n                        <\/div>\n\t\t\t\t\t\t                        <div class=\"col-lg-6 col-md-12 col-sm-12 form-column\">\n                            <div class=\"form-inner p_relative d_block\">\n                                <form class=\"subscribe-form\" method=\"post\" action=\"http:\/\/feedburner.google.com\/fb\/a\/mailverify\" accept-charset=\"utf-8\">\n                                    <div class=\"form-group\">\n\t\t\t\t\t\t\t\t\t\t<input type=\"hidden\" id=\"uri2\" name=\"uri\" value=\"themeforest\">\n                                        <input type=\"email\" name=\"email\" placeholder=\"Tu email aqu\u00ed\" required=\"\">\n\t\t\t\t\t\t\t\t\t\t                                        <button type=\"submit\">Suscribirme<i class=\"icon-7\"><\/i><\/button>\n\t\t\t\t\t\t\t\t\t\t                                    <\/div>\n                                <\/form>\n                            <\/div>\n                        <\/div>\n                    <\/div>\n                <\/div>\n            <\/div>\n        <\/section>\n             \n\t\t\t\t\t\t<\/div>\n\t\t\t\t<\/div>\n\t\t\t\t<\/div>\n\t\t\t\t<\/div>\n\t\t","protected":false},"excerpt":{"rendered":"<p>SERVICIOS ESTUDIOS STPS Y NOMS Estudios STPS y NOMS en Hermosillo, Sonora Diagn\u00f3stico para seguridad laboral y cumplimiento legal En Ingenier\u00eda El\u00e9ctrica del Cobre realizamos estudios el\u00e9ctricos conforme a la STPS y las Normas Oficiales Mexicanas (NOM) para asegurar que tu instalaci\u00f3n el\u00e9ctrica cumpla con los requisitos en materia de seguridad laboral, condiciones f\u00edsicas, protecciones [&hellip;]<\/p>\n","protected":false},"author":2,"featured_media":0,"parent":0,"menu_order":0,"comment_status":"closed","ping_status":"closed","template":"elementor_header_footer","meta":{"footnotes":""},"categories":[74],"tags":[],"class_list":["post-4404","page","type-page","status-publish","hentry","category-servicios"],"_links":{"self":[{"href":"https:\/\/electricadelcobre.com\/index.php\/wp-json\/wp\/v2\/pages\/4404","targetHints":{"allow":["GET"]}}],"collection":[{"href":"https:\/\/electricadelcobre.com\/index.php\/wp-json\/wp\/v2\/pages"}],"about":[{"href":"https:\/\/electricadelcobre.com\/index.php\/wp-json\/wp\/v2\/types\/page"}],"author":[{"embeddable":true,"href":"https:\/\/electricadelcobre.com\/index.php\/wp-json\/wp\/v2\/users\/2"}],"replies":[{"embeddable":true,"href":"https:\/\/electricadelcobre.com\/index.php\/wp-json\/wp\/v2\/comments?post=4404"}],"version-history":[{"count":7,"href":"https:\/\/electricadelcobre.com\/index.php\/wp-json\/wp\/v2\/pages\/4404\/revisions"}],"predecessor-version":[{"id":4460,"href":"https:\/\/electricadelcobre.com\/index.php\/wp-json\/wp\/v2\/pages\/4404\/revisions\/4460"}],"wp:attachment":[{"href":"https:\/\/electricadelcobre.com\/index.php\/wp-json\/wp\/v2\/media?parent=4404"}],"wp:term":[{"taxonomy":"category","embeddable":true,"href":"https:\/\/electricadelcobre.com\/index.php\/wp-json\/wp\/v2\/categories?post=4404"},{"taxonomy":"post_tag","embeddable":true,"href":"https:\/\/electricadelcobre.com\/index.php\/wp-json\/wp\/v2\/tags?post=4404"}],"curies":[{"name":"wp","href":"https:\/\/api.w.org\/{rel}","templated":true}]}}