{"id":3904,"date":"2025-11-10T22:45:21","date_gmt":"2025-11-11T05:45:21","guid":{"rendered":"https:\/\/electricadelcobre.com\/?page_id=3904"},"modified":"2025-11-11T23:37:23","modified_gmt":"2025-11-12T06:37:23","slug":"mantenimiento-preventivo","status":"publish","type":"page","link":"https:\/\/electricadelcobre.com\/index.php\/mantenimiento-preventivo\/","title":{"rendered":"MANTENIMIENTO PREVENTIVO"},"content":{"rendered":"\t\t<div data-elementor-type=\"wp-page\" data-elementor-id=\"3904\" class=\"elementor elementor-3904\" data-elementor-post-type=\"page\">\n\t\t\t\t<div class=\"elementor-element elementor-element-4ef4d55 e-flex e-con-boxed e-con e-parent\" data-id=\"4ef4d55\" data-element_type=\"container\" data-e-type=\"container\" data-settings=\"{&quot;background_background&quot;:&quot;classic&quot;}\">\n\t\t\t\t\t<div class=\"e-con-inner\">\n\t\t<div class=\"elementor-element elementor-element-476f748 e-con-full e-flex e-con e-child\" data-id=\"476f748\" data-element_type=\"container\" data-e-type=\"container\">\n\t\t\t\t<div class=\"elementor-element elementor-element-3aba0cb elementor-widget elementor-widget-heading\" data-id=\"3aba0cb\" data-element_type=\"widget\" data-e-type=\"widget\" data-widget_type=\"heading.default\">\n\t\t\t\t<div class=\"elementor-widget-container\">\n\t\t\t\t\t<h2 class=\"elementor-heading-title elementor-size-default\">SERVICIOS<\/h2>\t\t\t\t<\/div>\n\t\t\t\t<\/div>\n\t\t\t\t<div class=\"elementor-element elementor-element-69f8190 elementor-widget elementor-widget-heading\" data-id=\"69f8190\" data-element_type=\"widget\" data-e-type=\"widget\" data-widget_type=\"heading.default\">\n\t\t\t\t<div class=\"elementor-widget-container\">\n\t\t\t\t\t<h2 class=\"elementor-heading-title elementor-size-default\">P\u00d3LIZA DE MANTENIMIENTO <\/h2>\t\t\t\t<\/div>\n\t\t\t\t<\/div>\n\t\t\t\t<\/div>\n\t\t\t\t\t<\/div>\n\t\t\t\t<\/div>\n\t\t<div class=\"elementor-element elementor-element-6fdde23 e-flex e-con-boxed e-con e-parent\" data-id=\"6fdde23\" data-element_type=\"container\" data-e-type=\"container\">\n\t\t\t\t\t<div class=\"e-con-inner\">\n\t\t<div class=\"elementor-element elementor-element-21116ef e-con-full e-flex e-con e-child\" data-id=\"21116ef\" data-element_type=\"container\" data-e-type=\"container\">\n\t\t<div class=\"elementor-element elementor-element-b8a186f e-con-full e-flex e-con e-child\" data-id=\"b8a186f\" data-element_type=\"container\" data-e-type=\"container\">\n\t\t\t\t<div class=\"elementor-element elementor-element-5a97435 elementor-widget elementor-widget-text-editor\" data-id=\"5a97435\" data-element_type=\"widget\" data-e-type=\"widget\" data-widget_type=\"text-editor.default\">\n\t\t\t\t<div class=\"elementor-widget-container\">\n\t\t\t\t\t\t\t\t\t<p><span style=\"font-weight: 400;\">En El\u00e9ctrica del Cobre, <strong>ofrecemos p\u00f3lizas<\/strong> de mantenimiento especializado para instalaciones el\u00e9ctricas de media y baja tensi\u00f3n, <strong>dise\u00f1adas para garantizar la seguridad, confiabilidad y eficiencia<\/strong> de sus sistemas el\u00e9ctricos. Nuestro objetivo es <strong>prevenir fallas<\/strong>, reducir riesgos y prolongar la vida \u00fatil de los equipos, asegurando que su instalaci\u00f3n funcione de manera <strong>\u00f3ptima<\/strong> en todo momento. <\/span><\/p>\t\t\t\t\t\t\t\t<\/div>\n\t\t\t\t<\/div>\n\t\t\t\t<div class=\"elementor-element elementor-element-aa9a539 elementor-widget elementor-widget-heading\" data-id=\"aa9a539\" data-element_type=\"widget\" data-e-type=\"widget\" data-widget_type=\"heading.default\">\n\t\t\t\t<div class=\"elementor-widget-container\">\n\t\t\t\t\t<h2 class=\"elementor-heading-title elementor-size-default\">Cobertura de la p\u00f3liza <\/h2>\t\t\t\t<\/div>\n\t\t\t\t<\/div>\n\t\t\t\t<div class=\"elementor-element elementor-element-1333875 elementor-widget elementor-widget-text-editor\" data-id=\"1333875\" data-element_type=\"widget\" data-e-type=\"widget\" data-widget_type=\"text-editor.default\">\n\t\t\t\t<div class=\"elementor-widget-container\">\n\t\t\t\t\t\t\t\t\t<p><span style=\"font-weight: 400;\">Nuestra p\u00f3liza incluye tanto mantenimiento preventivo como correctivo, adaptado a las necesidades de cada cliente: <\/span><\/p>\t\t\t\t\t\t\t\t<\/div>\n\t\t\t\t<\/div>\n\t\t\t\t<\/div>\n\t\t\t\t<\/div>\n\t\t\t\t\t<\/div>\n\t\t\t\t<\/div>\n\t\t<div class=\"elementor-element elementor-element-dab8846 e-flex e-con-boxed e-con e-parent\" data-id=\"dab8846\" data-element_type=\"container\" data-e-type=\"container\">\n\t\t\t\t\t<div class=\"e-con-inner\">\n\t\t<div class=\"elementor-element elementor-element-dd8734c e-con-full e-flex e-con e-child\" data-id=\"dd8734c\" data-element_type=\"container\" data-e-type=\"container\">\n\t\t\t\t<div class=\"elementor-element elementor-element-4b13be9 elementor-widget elementor-widget-image\" data-id=\"4b13be9\" data-element_type=\"widget\" data-e-type=\"widget\" data-widget_type=\"image.default\">\n\t\t\t\t<div class=\"elementor-widget-container\">\n\t\t\t\t\t\t\t\t\t\t\t\t\t\t\t<img fetchpriority=\"high\" decoding=\"async\" width=\"1200\" height=\"900\" src=\"https:\/\/electricadelcobre.com\/wp-content\/uploads\/2025\/11\/Mantenimiento-Preventivo-min.png\" class=\"attachment-full size-full wp-image-4043\" alt=\"\" srcset=\"https:\/\/electricadelcobre.com\/wp-content\/uploads\/2025\/11\/Mantenimiento-Preventivo-min.png 1200w, https:\/\/electricadelcobre.com\/wp-content\/uploads\/2025\/11\/Mantenimiento-Preventivo-min-300x225.png 300w, https:\/\/electricadelcobre.com\/wp-content\/uploads\/2025\/11\/Mantenimiento-Preventivo-min-1024x768.png 1024w, https:\/\/electricadelcobre.com\/wp-content\/uploads\/2025\/11\/Mantenimiento-Preventivo-min-768x576.png 768w\" sizes=\"(max-width: 1200px) 100vw, 1200px\" \/>\t\t\t\t\t\t\t\t\t\t\t\t\t\t\t<\/div>\n\t\t\t\t<\/div>\n\t\t<div class=\"elementor-element elementor-element-d5aa008 e-con-full e-flex e-con e-child\" data-id=\"d5aa008\" data-element_type=\"container\" data-e-type=\"container\">\n\t\t\t\t<div class=\"elementor-element elementor-element-d5f2609 elementor-widget elementor-widget-heading\" data-id=\"d5f2609\" data-element_type=\"widget\" data-e-type=\"widget\" data-widget_type=\"heading.default\">\n\t\t\t\t<div class=\"elementor-widget-container\">\n\t\t\t\t\t<h2 class=\"elementor-heading-title elementor-size-default\">Mantenimiento preventivo<\/h2>\t\t\t\t<\/div>\n\t\t\t\t<\/div>\n\t\t\t\t<div class=\"elementor-element elementor-element-09a2fe1 elementor-widget elementor-widget-text-editor\" data-id=\"09a2fe1\" data-element_type=\"widget\" data-e-type=\"widget\" data-widget_type=\"text-editor.default\">\n\t\t\t\t<div class=\"elementor-widget-container\">\n\t\t\t\t\t\t\t\t\t<p><span style=\"font-weight: 400;\">Revisiones peri\u00f3dicas de tableros, circuitos, protecciones y conexiones el\u00e9ctricas para detectar posibles fallas antes de que se presenten problemas graves. Incluye limpieza de equipos, pruebas funcionales y ajustes necesarios para mantener la eficiencia energ\u00e9tica y la seguridad de la instalaci\u00f3n. <\/span><\/p>\t\t\t\t\t\t\t\t<\/div>\n\t\t\t\t<\/div>\n\t\t\t\t<\/div>\n\t\t<div class=\"elementor-element elementor-element-7931cb4 e-con-full e-flex e-con e-child\" data-id=\"7931cb4\" data-element_type=\"container\" data-e-type=\"container\">\n\t\t\t\t<div class=\"elementor-element elementor-element-6307d22 elementor-icon-list--layout-traditional elementor-list-item-link-full_width elementor-widget elementor-widget-icon-list\" data-id=\"6307d22\" data-element_type=\"widget\" data-e-type=\"widget\" data-widget_type=\"icon-list.default\">\n\t\t\t\t<div class=\"elementor-widget-container\">\n\t\t\t\t\t\t\t<ul class=\"elementor-icon-list-items\">\n\t\t\t\t\t\t\t<li class=\"elementor-icon-list-item\">\n\t\t\t\t\t\t\t\t\t\t\t<span class=\"elementor-icon-list-icon\">\n\t\t\t\t\t\t\t<svg aria-hidden=\"true\" class=\"e-font-icon-svg e-fas-check\" viewBox=\"0 0 512 512\" xmlns=\"http:\/\/www.w3.org\/2000\/svg\"><path d=\"M173.898 439.404l-166.4-166.4c-9.997-9.997-9.997-26.206 0-36.204l36.203-36.204c9.997-9.998 26.207-9.998 36.204 0L192 312.69 432.095 72.596c9.997-9.997 26.207-9.997 36.204 0l36.203 36.204c9.997 9.997 9.997 26.206 0 36.204l-294.4 294.401c-9.998 9.997-26.207 9.997-36.204-.001z\"><\/path><\/svg>\t\t\t\t\t\t<\/span>\n\t\t\t\t\t\t\t\t\t\t<span class=\"elementor-icon-list-text\">Gesti\u00f3n<\/span>\n\t\t\t\t\t\t\t\t\t<\/li>\n\t\t\t\t\t\t\t\t<li class=\"elementor-icon-list-item\">\n\t\t\t\t\t\t\t\t\t\t\t<span class=\"elementor-icon-list-icon\">\n\t\t\t\t\t\t\t<svg aria-hidden=\"true\" class=\"e-font-icon-svg e-fas-check\" viewBox=\"0 0 512 512\" xmlns=\"http:\/\/www.w3.org\/2000\/svg\"><path d=\"M173.898 439.404l-166.4-166.4c-9.997-9.997-9.997-26.206 0-36.204l36.203-36.204c9.997-9.998 26.207-9.998 36.204 0L192 312.69 432.095 72.596c9.997-9.997 26.207-9.997 36.204 0l36.203 36.204c9.997 9.997 9.997 26.206 0 36.204l-294.4 294.401c-9.998 9.997-26.207 9.997-36.204-.001z\"><\/path><\/svg>\t\t\t\t\t\t<\/span>\n\t\t\t\t\t\t\t\t\t\t<span class=\"elementor-icon-list-text\">Documentaci\u00f3n<\/span>\n\t\t\t\t\t\t\t\t\t<\/li>\n\t\t\t\t\t\t\t\t<li class=\"elementor-icon-list-item\">\n\t\t\t\t\t\t\t\t\t\t\t<span class=\"elementor-icon-list-icon\">\n\t\t\t\t\t\t\t<svg aria-hidden=\"true\" class=\"e-font-icon-svg e-fas-check\" viewBox=\"0 0 512 512\" xmlns=\"http:\/\/www.w3.org\/2000\/svg\"><path d=\"M173.898 439.404l-166.4-166.4c-9.997-9.997-9.997-26.206 0-36.204l36.203-36.204c9.997-9.998 26.207-9.998 36.204 0L192 312.69 432.095 72.596c9.997-9.997 26.207-9.997 36.204 0l36.203 36.204c9.997 9.997 9.997 26.206 0 36.204l-294.4 294.401c-9.998 9.997-26.207 9.997-36.204-.001z\"><\/path><\/svg>\t\t\t\t\t\t<\/span>\n\t\t\t\t\t\t\t\t\t\t<span class=\"elementor-icon-list-text\">Contrataci\u00f3n<\/span>\n\t\t\t\t\t\t\t\t\t<\/li>\n\t\t\t\t\t\t<\/ul>\n\t\t\t\t\t\t<\/div>\n\t\t\t\t<\/div>\n\t\t\t\t<\/div>\n\t\t\t\t<\/div>\n\t\t\t\t\t<\/div>\n\t\t\t\t<\/div>\n\t\t<div class=\"elementor-element elementor-element-eba6bad e-flex e-con-boxed e-con e-parent\" data-id=\"eba6bad\" data-element_type=\"container\" data-e-type=\"container\">\n\t\t\t\t\t<div class=\"e-con-inner\">\n\t\t<div class=\"elementor-element elementor-element-20fc984 e-con-full e-flex e-con e-child\" data-id=\"20fc984\" data-element_type=\"container\" data-e-type=\"container\">\n\t\t<div class=\"elementor-element elementor-element-e2ee225 e-con-full e-flex e-con e-child\" data-id=\"e2ee225\" data-element_type=\"container\" data-e-type=\"container\">\n\t\t\t\t<div class=\"elementor-element elementor-element-a46ff11 elementor-widget elementor-widget-heading\" data-id=\"a46ff11\" data-element_type=\"widget\" data-e-type=\"widget\" data-widget_type=\"heading.default\">\n\t\t\t\t<div class=\"elementor-widget-container\">\n\t\t\t\t\t<h2 class=\"elementor-heading-title elementor-size-default\">Beneficios para el cliente <\/h2>\t\t\t\t<\/div>\n\t\t\t\t<\/div>\n\t\t\t\t<div class=\"elementor-element elementor-element-03f290d elementor-widget elementor-widget-text-editor\" data-id=\"03f290d\" data-element_type=\"widget\" data-e-type=\"widget\" data-widget_type=\"text-editor.default\">\n\t\t\t\t<div class=\"elementor-widget-container\">\n\t\t\t\t\t\t\t\t\t<p><span style=\"font-weight: 400;\">Nuestra p\u00f3liza incluye tanto mantenimiento preventivo como correctivo, adaptado a las necesidades de cada cliente: <\/span><\/p>\t\t\t\t\t\t\t\t<\/div>\n\t\t\t\t<\/div>\n\t\t\t\t<\/div>\n\t\t\t\t<\/div>\n\t\t\t\t\t<\/div>\n\t\t\t\t<\/div>\n\t\t<div class=\"elementor-element elementor-element-853ef0e e-flex e-con-boxed e-con e-parent\" data-id=\"853ef0e\" data-element_type=\"container\" data-e-type=\"container\">\n\t\t\t\t\t<div class=\"e-con-inner\">\n\t\t<div class=\"elementor-element elementor-element-44b12e7 e-con-full e-flex e-con e-child\" data-id=\"44b12e7\" data-element_type=\"container\" data-e-type=\"container\">\n\t\t<div class=\"elementor-element elementor-element-5e39721 e-con-full e-flex e-con e-child\" data-id=\"5e39721\" data-element_type=\"container\" data-e-type=\"container\">\n\t\t\t\t<div class=\"elementor-element elementor-element-1d7f98a elementor-widget elementor-widget-heading\" data-id=\"1d7f98a\" data-element_type=\"widget\" data-e-type=\"widget\" data-widget_type=\"heading.default\">\n\t\t\t\t<div class=\"elementor-widget-container\">\n\t\t\t\t\t<h2 class=\"elementor-heading-title elementor-size-default\">Garant\u00eda de continuidad operativa, evitando interrupciones que puedan afectar la producci\u00f3n o el funcionamiento del inmueble. <\/h2>\t\t\t\t<\/div>\n\t\t\t\t<\/div>\n\t\t\t\t<\/div>\n\t\t\t\t<\/div>\n\t\t<div class=\"elementor-element elementor-element-f10b161 e-con-full e-flex e-con e-child\" data-id=\"f10b161\" data-element_type=\"container\" data-e-type=\"container\">\n\t\t<div class=\"elementor-element elementor-element-0e6024d e-con-full e-flex e-con e-child\" data-id=\"0e6024d\" data-element_type=\"container\" data-e-type=\"container\">\n\t\t\t\t<div class=\"elementor-element elementor-element-5563fe2 elementor-widget elementor-widget-heading\" data-id=\"5563fe2\" data-element_type=\"widget\" data-e-type=\"widget\" data-widget_type=\"heading.default\">\n\t\t\t\t<div class=\"elementor-widget-container\">\n\t\t\t\t\t<h2 class=\"elementor-heading-title elementor-size-default\">Reducci\u00f3n de costos a largo plazo, al prevenir da\u00f1os graves en equipos el\u00e9ctricos. <\/h2>\t\t\t\t<\/div>\n\t\t\t\t<\/div>\n\t\t\t\t<\/div>\n\t\t\t\t<\/div>\n\t\t<div class=\"elementor-element elementor-element-7ce5422 e-con-full e-flex e-con e-child\" data-id=\"7ce5422\" data-element_type=\"container\" data-e-type=\"container\">\n\t\t<div class=\"elementor-element elementor-element-b076ce3 e-con-full e-flex e-con e-child\" data-id=\"b076ce3\" data-element_type=\"container\" data-e-type=\"container\">\n\t\t\t\t<div class=\"elementor-element elementor-element-5c05172 elementor-widget elementor-widget-heading\" data-id=\"5c05172\" data-element_type=\"widget\" data-e-type=\"widget\" data-widget_type=\"heading.default\">\n\t\t\t\t<div class=\"elementor-widget-container\">\n\t\t\t\t\t<h2 class=\"elementor-heading-title elementor-size-default\">Cumplimiento de normativas de seguridad, asegurando que su instalaci\u00f3n est\u00e9 siempre dentro de los est\u00e1ndares vigentes. <\/h2>\t\t\t\t<\/div>\n\t\t\t\t<\/div>\n\t\t\t\t<\/div>\n\t\t\t\t<\/div>\n\t\t<div class=\"elementor-element elementor-element-fec6294 e-con-full e-flex e-con e-child\" data-id=\"fec6294\" data-element_type=\"container\" data-e-type=\"container\">\n\t\t<div class=\"elementor-element elementor-element-94903cd e-con-full e-flex e-con e-child\" data-id=\"94903cd\" data-element_type=\"container\" data-e-type=\"container\">\n\t\t\t\t<div class=\"elementor-element elementor-element-59ee3a6 elementor-widget elementor-widget-heading\" data-id=\"59ee3a6\" data-element_type=\"widget\" data-e-type=\"widget\" data-widget_type=\"heading.default\">\n\t\t\t\t<div class=\"elementor-widget-container\">\n\t\t\t\t\t<h2 class=\"elementor-heading-title elementor-size-default\">Asesor\u00eda t\u00e9cnica profesional y atenci\u00f3n r\u00e1pida ante cualquier eventualidad, brindando tranquilidad y confiabilidad a nuestros clientes.<\/h2>\t\t\t\t<\/div>\n\t\t\t\t<\/div>\n\t\t\t\t<\/div>\n\t\t\t\t<\/div>\n\t\t\t\t\t<\/div>\n\t\t\t\t<\/div>\n\t\t<div class=\"elementor-element elementor-element-f90cddb e-flex e-con-boxed e-con e-parent\" data-id=\"f90cddb\" data-element_type=\"container\" data-e-type=\"container\">\n\t\t\t\t\t<div class=\"e-con-inner\">\n\t\t\t\t\t<\/div>\n\t\t\t\t<\/div>\n\t\t<div class=\"elementor-element elementor-element-559cfd6 e-con-full e-flex e-con e-parent\" data-id=\"559cfd6\" data-element_type=\"container\" data-e-type=\"container\">\n\t\t<div class=\"elementor-element elementor-element-c2bda67 e-con-full e-flex e-con e-child\" data-id=\"c2bda67\" data-element_type=\"container\" data-e-type=\"container\">\n\t\t\t\t<div class=\"elementor-element elementor-element-e64714e elementor-widget elementor-widget-easton_h1_subscribe\" data-id=\"e64714e\" data-element_type=\"widget\" data-e-type=\"widget\" data-widget_type=\"easton_h1_subscribe.default\">\n\t\t\t\t<div class=\"elementor-widget-container\">\n\t\t\t\t\t\t\t\n        <section class=\"subscribe-section p_relative \">\n            <div class=\"auto-container\">\n                <div class=\"inner-container\">\n                    <div class=\"row align-items-center clearfix\">\n\t\t\t\t\t\t                        <div class=\"col-lg-6 col-md-12 col-sm-12 text-column\">\n                            <div class=\"text p_relative d_block\">\n                                <h2>Suscr\u00edbete a nuestro Newsletter<\/h2>\n                            <\/div>\n                        <\/div>\n\t\t\t\t\t\t                        <div class=\"col-lg-6 col-md-12 col-sm-12 form-column\">\n                            <div class=\"form-inner p_relative d_block\">\n                                <form class=\"subscribe-form\" method=\"post\" action=\"http:\/\/feedburner.google.com\/fb\/a\/mailverify\" accept-charset=\"utf-8\">\n                                    <div class=\"form-group\">\n\t\t\t\t\t\t\t\t\t\t<input type=\"hidden\" id=\"uri2\" name=\"uri\" value=\"themeforest\">\n                                        <input type=\"email\" name=\"email\" placeholder=\"Tu email aqu\u00ed\" required=\"\">\n\t\t\t\t\t\t\t\t\t\t                                        <button type=\"submit\">Suscribirme<i class=\"icon-7\"><\/i><\/button>\n\t\t\t\t\t\t\t\t\t\t                                    <\/div>\n                                <\/form>\n                            <\/div>\n                        <\/div>\n                    <\/div>\n                <\/div>\n            <\/div>\n        <\/section>\n             \n\t\t\t\t\t\t<\/div>\n\t\t\t\t<\/div>\n\t\t\t\t<\/div>\n\t\t\t\t<\/div>\n\t\t\t\t<\/div>\n\t\t","protected":false},"excerpt":{"rendered":"<p>SERVICIOS P\u00d3LIZA DE MANTENIMIENTO En El\u00e9ctrica del Cobre, ofrecemos p\u00f3lizas de mantenimiento especializado para instalaciones el\u00e9ctricas de media y baja tensi\u00f3n, dise\u00f1adas para garantizar la seguridad, confiabilidad y eficiencia de sus sistemas el\u00e9ctricos. Nuestro objetivo es prevenir fallas, reducir riesgos y prolongar la vida \u00fatil de los equipos, asegurando que su instalaci\u00f3n funcione de manera [&hellip;]<\/p>\n","protected":false},"author":2,"featured_media":0,"parent":0,"menu_order":0,"comment_status":"closed","ping_status":"closed","template":"elementor_header_footer","meta":{"footnotes":""},"categories":[74],"tags":[],"class_list":["post-3904","page","type-page","status-publish","hentry","category-servicios"],"_links":{"self":[{"href":"https:\/\/electricadelcobre.com\/index.php\/wp-json\/wp\/v2\/pages\/3904","targetHints":{"allow":["GET"]}}],"collection":[{"href":"https:\/\/electricadelcobre.com\/index.php\/wp-json\/wp\/v2\/pages"}],"about":[{"href":"https:\/\/electricadelcobre.com\/index.php\/wp-json\/wp\/v2\/types\/page"}],"author":[{"embeddable":true,"href":"https:\/\/electricadelcobre.com\/index.php\/wp-json\/wp\/v2\/users\/2"}],"replies":[{"embeddable":true,"href":"https:\/\/electricadelcobre.com\/index.php\/wp-json\/wp\/v2\/comments?post=3904"}],"version-history":[{"count":6,"href":"https:\/\/electricadelcobre.com\/index.php\/wp-json\/wp\/v2\/pages\/3904\/revisions"}],"predecessor-version":[{"id":4058,"href":"https:\/\/electricadelcobre.com\/index.php\/wp-json\/wp\/v2\/pages\/3904\/revisions\/4058"}],"wp:attachment":[{"href":"https:\/\/electricadelcobre.com\/index.php\/wp-json\/wp\/v2\/media?parent=3904"}],"wp:term":[{"taxonomy":"category","embeddable":true,"href":"https:\/\/electricadelcobre.com\/index.php\/wp-json\/wp\/v2\/categories?post=3904"},{"taxonomy":"post_tag","embeddable":true,"href":"https:\/\/electricadelcobre.com\/index.php\/wp-json\/wp\/v2\/tags?post=3904"}],"curies":[{"name":"wp","href":"https:\/\/api.w.org\/{rel}","templated":true}]}}