{"id":3753,"date":"2025-11-04T22:19:42","date_gmt":"2025-11-05T05:19:42","guid":{"rendered":"https:\/\/electricadelcobre.com\/?page_id=3753"},"modified":"2025-11-17T20:11:46","modified_gmt":"2025-11-18T03:11:46","slug":"paneles-solares-mantenimient-preventivo","status":"publish","type":"page","link":"https:\/\/electricadelcobre.com\/index.php\/paneles-solares-mantenimient-preventivo\/","title":{"rendered":"MANTENIMIENTO PREVENTIVO"},"content":{"rendered":"\t\t<div data-elementor-type=\"wp-page\" data-elementor-id=\"3753\" class=\"elementor elementor-3753\" data-elementor-post-type=\"page\">\n\t\t\t\t<div class=\"elementor-element elementor-element-4ef4d55 e-flex e-con-boxed e-con e-parent\" data-id=\"4ef4d55\" data-element_type=\"container\" data-e-type=\"container\" data-settings=\"{&quot;background_background&quot;:&quot;classic&quot;}\">\n\t\t\t\t\t<div class=\"e-con-inner\">\n\t\t<div class=\"elementor-element elementor-element-476f748 e-con-full e-flex e-con e-child\" data-id=\"476f748\" data-element_type=\"container\" data-e-type=\"container\">\n\t\t\t\t<div class=\"elementor-element elementor-element-e5a6d24 elementor-widget elementor-widget-heading\" data-id=\"e5a6d24\" data-element_type=\"widget\" data-e-type=\"widget\" data-widget_type=\"heading.default\">\n\t\t\t\t<div class=\"elementor-widget-container\">\n\t\t\t\t\t<h2 class=\"elementor-heading-title elementor-size-default\">SERVICIOS<\/h2>\t\t\t\t<\/div>\n\t\t\t\t<\/div>\n\t\t\t\t<div class=\"elementor-element elementor-element-69f8190 elementor-widget elementor-widget-heading\" data-id=\"69f8190\" data-element_type=\"widget\" data-e-type=\"widget\" data-widget_type=\"heading.default\">\n\t\t\t\t<div class=\"elementor-widget-container\">\n\t\t\t\t\t<h2 class=\"elementor-heading-title elementor-size-default\">P\u00c1NELES SOLARES<\/h2>\t\t\t\t<\/div>\n\t\t\t\t<\/div>\n\t\t\t\t<\/div>\n\t\t\t\t\t<\/div>\n\t\t\t\t<\/div>\n\t\t<div class=\"elementor-element elementor-element-6fdde23 e-flex e-con-boxed e-con e-parent\" data-id=\"6fdde23\" data-element_type=\"container\" data-e-type=\"container\">\n\t\t\t\t\t<div class=\"e-con-inner\">\n\t\t<div class=\"elementor-element elementor-element-21116ef e-con-full e-flex e-con e-child\" data-id=\"21116ef\" data-element_type=\"container\" data-e-type=\"container\">\n\t\t<div class=\"elementor-element elementor-element-b8a186f e-con-full e-flex e-con e-child\" data-id=\"b8a186f\" data-element_type=\"container\" data-e-type=\"container\">\n\t\t\t\t<div class=\"elementor-element elementor-element-7a202d1 elementor-widget elementor-widget-heading\" data-id=\"7a202d1\" data-element_type=\"widget\" data-e-type=\"widget\" data-widget_type=\"heading.default\">\n\t\t\t\t<div class=\"elementor-widget-container\">\n\t\t\t\t\t<h2 class=\"elementor-heading-title elementor-size-default\">Mantenimiento Preventivo<\/h2>\t\t\t\t<\/div>\n\t\t\t\t<\/div>\n\t\t\t\t<div class=\"elementor-element elementor-element-5a97435 elementor-widget elementor-widget-text-editor\" data-id=\"5a97435\" data-element_type=\"widget\" data-e-type=\"widget\" data-widget_type=\"text-editor.default\">\n\t\t\t\t<div class=\"elementor-widget-container\">\n\t\t\t\t\t\t\t\t\t<p><span style=\"font-weight: 400;\">Para asegurar el m\u00e1ximo rendimiento y la vida \u00fatil de los sistemas solares, <strong>ofrecemos mantenimiento preventivo y correctivo especializado<\/strong>. <\/span><\/p>\t\t\t\t\t\t\t\t<\/div>\n\t\t\t\t<\/div>\n\t\t\t\t<\/div>\n\t\t\t\t<\/div>\n\t\t\t\t\t<\/div>\n\t\t\t\t<\/div>\n\t\t<div class=\"elementor-element elementor-element-dab8846 e-flex e-con-boxed e-con e-parent\" data-id=\"dab8846\" data-element_type=\"container\" data-e-type=\"container\">\n\t\t\t\t\t<div class=\"e-con-inner\">\n\t\t<div class=\"elementor-element elementor-element-dd8734c e-con-full e-flex e-con e-child\" data-id=\"dd8734c\" data-element_type=\"container\" data-e-type=\"container\">\n\t\t\t\t<div class=\"elementor-element elementor-element-4b13be9 elementor-widget elementor-widget-image\" data-id=\"4b13be9\" data-element_type=\"widget\" data-e-type=\"widget\" data-widget_type=\"image.default\">\n\t\t\t\t<div class=\"elementor-widget-container\">\n\t\t\t\t\t\t\t\t\t\t\t\t\t\t\t<img fetchpriority=\"high\" decoding=\"async\" width=\"1200\" height=\"900\" src=\"https:\/\/electricadelcobre.com\/wp-content\/uploads\/2025\/11\/Paneles-Solares-min.png\" class=\"attachment-full size-full wp-image-4044\" alt=\"\" srcset=\"https:\/\/electricadelcobre.com\/wp-content\/uploads\/2025\/11\/Paneles-Solares-min.png 1200w, https:\/\/electricadelcobre.com\/wp-content\/uploads\/2025\/11\/Paneles-Solares-min-300x225.png 300w, https:\/\/electricadelcobre.com\/wp-content\/uploads\/2025\/11\/Paneles-Solares-min-1024x768.png 1024w, https:\/\/electricadelcobre.com\/wp-content\/uploads\/2025\/11\/Paneles-Solares-min-768x576.png 768w\" sizes=\"(max-width: 1200px) 100vw, 1200px\" \/>\t\t\t\t\t\t\t\t\t\t\t\t\t\t\t<\/div>\n\t\t\t\t<\/div>\n\t\t<div class=\"elementor-element elementor-element-d5aa008 e-con-full e-flex e-con e-child\" data-id=\"d5aa008\" data-element_type=\"container\" data-e-type=\"container\">\n\t\t\t\t<div class=\"elementor-element elementor-element-4c7d5c2 elementor-widget elementor-widget-text-editor\" data-id=\"4c7d5c2\" data-element_type=\"widget\" data-e-type=\"widget\" data-widget_type=\"text-editor.default\">\n\t\t\t\t<div class=\"elementor-widget-container\">\n\t\t\t\t\t\t\t\t\t<p><span style=\"font-weight: 400;\">Incluye <strong>limpieza de paneles<\/strong>, <strong>revisi\u00f3n de conexiones<\/strong>, inspecci\u00f3n de inversores y bater\u00edas, y ajustes necesarios para mantener la eficiencia del sistema. Con esto se <strong>previenen fallas<\/strong> antes de que ocurran, garantizando un funcionamiento continuo y seguro. <\/span><\/p>\t\t\t\t\t\t\t\t<\/div>\n\t\t\t\t<\/div>\n\t\t\t\t<\/div>\n\t\t<div class=\"elementor-element elementor-element-7931cb4 e-con-full e-flex e-con e-child\" data-id=\"7931cb4\" data-element_type=\"container\" data-e-type=\"container\">\n\t\t\t\t<div class=\"elementor-element elementor-element-6307d22 elementor-icon-list--layout-traditional elementor-list-item-link-full_width elementor-widget elementor-widget-icon-list\" data-id=\"6307d22\" data-element_type=\"widget\" data-e-type=\"widget\" data-widget_type=\"icon-list.default\">\n\t\t\t\t<div class=\"elementor-widget-container\">\n\t\t\t\t\t\t\t<ul class=\"elementor-icon-list-items\">\n\t\t\t\t\t\t\t<li class=\"elementor-icon-list-item\">\n\t\t\t\t\t\t\t\t\t\t\t<span class=\"elementor-icon-list-icon\">\n\t\t\t\t\t\t\t<svg aria-hidden=\"true\" class=\"e-font-icon-svg e-fas-check\" viewBox=\"0 0 512 512\" xmlns=\"http:\/\/www.w3.org\/2000\/svg\"><path d=\"M173.898 439.404l-166.4-166.4c-9.997-9.997-9.997-26.206 0-36.204l36.203-36.204c9.997-9.998 26.207-9.998 36.204 0L192 312.69 432.095 72.596c9.997-9.997 26.207-9.997 36.204 0l36.203 36.204c9.997 9.997 9.997 26.206 0 36.204l-294.4 294.401c-9.998 9.997-26.207 9.997-36.204-.001z\"><\/path><\/svg>\t\t\t\t\t\t<\/span>\n\t\t\t\t\t\t\t\t\t\t<span class=\"elementor-icon-list-text\">Limpieza<\/span>\n\t\t\t\t\t\t\t\t\t<\/li>\n\t\t\t\t\t\t\t\t<li class=\"elementor-icon-list-item\">\n\t\t\t\t\t\t\t\t\t\t\t<span class=\"elementor-icon-list-icon\">\n\t\t\t\t\t\t\t<svg aria-hidden=\"true\" class=\"e-font-icon-svg e-fas-check\" viewBox=\"0 0 512 512\" xmlns=\"http:\/\/www.w3.org\/2000\/svg\"><path d=\"M173.898 439.404l-166.4-166.4c-9.997-9.997-9.997-26.206 0-36.204l36.203-36.204c9.997-9.998 26.207-9.998 36.204 0L192 312.69 432.095 72.596c9.997-9.997 26.207-9.997 36.204 0l36.203 36.204c9.997 9.997 9.997 26.206 0 36.204l-294.4 294.401c-9.998 9.997-26.207 9.997-36.204-.001z\"><\/path><\/svg>\t\t\t\t\t\t<\/span>\n\t\t\t\t\t\t\t\t\t\t<span class=\"elementor-icon-list-text\">Inspecci\u00f3n<\/span>\n\t\t\t\t\t\t\t\t\t<\/li>\n\t\t\t\t\t\t\t\t<li class=\"elementor-icon-list-item\">\n\t\t\t\t\t\t\t\t\t\t\t<span class=\"elementor-icon-list-icon\">\n\t\t\t\t\t\t\t<svg aria-hidden=\"true\" class=\"e-font-icon-svg e-fas-check\" viewBox=\"0 0 512 512\" xmlns=\"http:\/\/www.w3.org\/2000\/svg\"><path d=\"M173.898 439.404l-166.4-166.4c-9.997-9.997-9.997-26.206 0-36.204l36.203-36.204c9.997-9.998 26.207-9.998 36.204 0L192 312.69 432.095 72.596c9.997-9.997 26.207-9.997 36.204 0l36.203 36.204c9.997 9.997 9.997 26.206 0 36.204l-294.4 294.401c-9.998 9.997-26.207 9.997-36.204-.001z\"><\/path><\/svg>\t\t\t\t\t\t<\/span>\n\t\t\t\t\t\t\t\t\t\t<span class=\"elementor-icon-list-text\">Ajustes<\/span>\n\t\t\t\t\t\t\t\t\t<\/li>\n\t\t\t\t\t\t<\/ul>\n\t\t\t\t\t\t<\/div>\n\t\t\t\t<\/div>\n\t\t\t\t<\/div>\n\t\t\t\t<\/div>\n\t\t\t\t\t<\/div>\n\t\t\t\t<\/div>\n\t\t<div class=\"elementor-element elementor-element-f90cddb e-flex e-con-boxed e-con e-parent\" data-id=\"f90cddb\" data-element_type=\"container\" data-e-type=\"container\">\n\t\t\t\t\t<div class=\"e-con-inner\">\n\t\t\t\t\t<\/div>\n\t\t\t\t<\/div>\n\t\t<div class=\"elementor-element elementor-element-559cfd6 e-con-full e-flex e-con e-parent\" data-id=\"559cfd6\" data-element_type=\"container\" data-e-type=\"container\">\n\t\t<div class=\"elementor-element elementor-element-c2bda67 e-con-full e-flex e-con e-child\" data-id=\"c2bda67\" data-element_type=\"container\" data-e-type=\"container\">\n\t\t\t\t<div class=\"elementor-element elementor-element-e64714e elementor-widget elementor-widget-easton_h1_subscribe\" data-id=\"e64714e\" data-element_type=\"widget\" data-e-type=\"widget\" data-widget_type=\"easton_h1_subscribe.default\">\n\t\t\t\t<div class=\"elementor-widget-container\">\n\t\t\t\t\t\t\t\n        <section class=\"subscribe-section p_relative \">\n            <div class=\"auto-container\">\n                <div class=\"inner-container\">\n                    <div class=\"row align-items-center clearfix\">\n\t\t\t\t\t\t                        <div class=\"col-lg-6 col-md-12 col-sm-12 text-column\">\n                            <div class=\"text p_relative d_block\">\n                                <h2>Suscr\u00edbete a nuestro Newsletter<\/h2>\n                            <\/div>\n                        <\/div>\n\t\t\t\t\t\t                        <div class=\"col-lg-6 col-md-12 col-sm-12 form-column\">\n                            <div class=\"form-inner p_relative d_block\">\n                                <form class=\"subscribe-form\" method=\"post\" action=\"http:\/\/feedburner.google.com\/fb\/a\/mailverify\" accept-charset=\"utf-8\">\n                                    <div class=\"form-group\">\n\t\t\t\t\t\t\t\t\t\t<input type=\"hidden\" id=\"uri2\" name=\"uri\" value=\"themeforest\">\n                                        <input type=\"email\" name=\"email\" placeholder=\"Tu email aqu\u00ed\" required=\"\">\n\t\t\t\t\t\t\t\t\t\t                                        <button type=\"submit\">Suscribirme<i class=\"icon-7\"><\/i><\/button>\n\t\t\t\t\t\t\t\t\t\t                                    <\/div>\n                                <\/form>\n                            <\/div>\n                        <\/div>\n                    <\/div>\n                <\/div>\n            <\/div>\n        <\/section>\n             \n\t\t\t\t\t\t<\/div>\n\t\t\t\t<\/div>\n\t\t\t\t<\/div>\n\t\t\t\t<\/div>\n\t\t\t\t<\/div>\n\t\t","protected":false},"excerpt":{"rendered":"<p>SERVICIOS P\u00c1NELES SOLARES Mantenimiento Preventivo Para asegurar el m\u00e1ximo rendimiento y la vida \u00fatil de los sistemas solares, ofrecemos mantenimiento preventivo y correctivo especializado. Incluye limpieza de paneles, revisi\u00f3n de conexiones, inspecci\u00f3n de inversores y bater\u00edas, y ajustes necesarios para mantener la eficiencia del sistema. Con esto se previenen fallas antes de que ocurran, garantizando [&hellip;]<\/p>\n","protected":false},"author":2,"featured_media":0,"parent":0,"menu_order":0,"comment_status":"closed","ping_status":"closed","template":"elementor_header_footer","meta":{"footnotes":""},"categories":[74],"tags":[],"class_list":["post-3753","page","type-page","status-publish","hentry","category-servicios"],"_links":{"self":[{"href":"https:\/\/electricadelcobre.com\/index.php\/wp-json\/wp\/v2\/pages\/3753","targetHints":{"allow":["GET"]}}],"collection":[{"href":"https:\/\/electricadelcobre.com\/index.php\/wp-json\/wp\/v2\/pages"}],"about":[{"href":"https:\/\/electricadelcobre.com\/index.php\/wp-json\/wp\/v2\/types\/page"}],"author":[{"embeddable":true,"href":"https:\/\/electricadelcobre.com\/index.php\/wp-json\/wp\/v2\/users\/2"}],"replies":[{"embeddable":true,"href":"https:\/\/electricadelcobre.com\/index.php\/wp-json\/wp\/v2\/comments?post=3753"}],"version-history":[{"count":21,"href":"https:\/\/electricadelcobre.com\/index.php\/wp-json\/wp\/v2\/pages\/3753\/revisions"}],"predecessor-version":[{"id":4055,"href":"https:\/\/electricadelcobre.com\/index.php\/wp-json\/wp\/v2\/pages\/3753\/revisions\/4055"}],"wp:attachment":[{"href":"https:\/\/electricadelcobre.com\/index.php\/wp-json\/wp\/v2\/media?parent=3753"}],"wp:term":[{"taxonomy":"category","embeddable":true,"href":"https:\/\/electricadelcobre.com\/index.php\/wp-json\/wp\/v2\/categories?post=3753"},{"taxonomy":"post_tag","embeddable":true,"href":"https:\/\/electricadelcobre.com\/index.php\/wp-json\/wp\/v2\/tags?post=3753"}],"curies":[{"name":"wp","href":"https:\/\/api.w.org\/{rel}","templated":true}]}}